{"id":629,"date":"2022-06-10T19:30:38","date_gmt":"2022-06-10T19:30:38","guid":{"rendered":"https:\/\/demo.themedraft.net\/wp\/doctio\/?page_id=629"},"modified":"2024-08-10T06:50:36","modified_gmt":"2024-08-10T06:50:36","slug":"iletisim","status":"publish","type":"page","link":"https:\/\/alperbasakci.com\/index.php\/iletisim\/","title":{"rendered":"\u0130leti\u015fim"},"content":{"rendered":"\t\t<div data-elementor-type=\"wp-page\" data-elementor-id=\"629\" class=\"elementor elementor-629\">\n\t\t\t\t\t\t<section class=\"elementor-section elementor-top-section elementor-element elementor-element-30b75775 elementor-section-full_width elementor-section-stretched elementor-section-height-default elementor-section-height-default\" data-id=\"30b75775\" data-element_type=\"section\" data-e-type=\"section\" data-settings=\"{&quot;stretch_section&quot;:&quot;section-stretched&quot;}\">\n\t\t\t\t\t\t<div class=\"elementor-container elementor-column-gap-default\">\n\t\t\t\t\t<div class=\"elementor-column elementor-col-100 elementor-top-column elementor-element elementor-element-2d909e12\" data-id=\"2d909e12\" data-element_type=\"column\" data-e-type=\"column\">\n\t\t\t<div class=\"elementor-widget-wrap elementor-element-populated\">\n\t\t\t\t\t\t<div class=\"elementor-element elementor-element-50599d5b elementor-widget elementor-widget-themedraft_section_title\" data-id=\"50599d5b\" data-element_type=\"widget\" data-e-type=\"widget\" data-widget_type=\"themedraft_section_title.default\">\n\t\t\t\t<div class=\"elementor-widget-container\">\n\t\t\t\t\t\n\t\t<div class=\"td-section-title-wrapper\">\n            <div class=\"td-section-title-content td-secondary-font\">\n                                    <div class=\"td-section-title-bg-text \">\n                        \u0130leti\u015fim                    <\/div>\n                \n                \n                                    <div class=\"td-section-title\">\n                        <h2>\u0130leti\u015fim \u0130\u00e7in:<\/h2>                    <\/div>\n                                        <div class=\"title-bottom-line\" style=\"background-image: url(https:\/\/demo.themedraft.net\/wp\/doctio\/wp-content\/uploads\/2022\/06\/line.png)\"><\/div>\n                                                <\/div>\n\t\t<\/div>\n\t\t\t\t\t\t<\/div>\n\t\t\t\t<\/div>\n\t\t\t\t<div class=\"elementor-element elementor-element-122b0723 elementor-widget elementor-widget-themedraft_contact_details_box\" data-id=\"122b0723\" data-element_type=\"widget\" data-e-type=\"widget\" data-widget_type=\"themedraft_contact_details_box.default\">\n\t\t\t\t<div class=\"elementor-widget-container\">\n\t\t\t\t\t\n\t\t<div class=\"contact-details container\">\n            <div class=\"row\">\n                                        <div class=\"col-xl-4 col-lg-6 col-md-6\">\n                            <div class=\"td-contact-details-box td-transition\">\n                                <div class=\"td-contact-details-box-icon  td-transition td-primary-color\">\n                                    \n                                        <i aria-hidden=\"true\" class=\"flaticon-telephone-1\"><\/i>\n                                                                    <\/div>\n                                <h4 class=\"td-contact-box-title td-transition\">Telefon:<\/h4>\n\n                                <ul><li><a class=\"NTtel phone\" href=\"tel:0 (258) 266 67 68\">0 (258) 266 67 68<\/a><\/li><\/ul>                            <\/div>\n                        <\/div>\n                                            <div class=\"col-xl-4 col-lg-6 col-md-6\">\n                            <div class=\"td-contact-details-box td-transition\">\n                                <div class=\"td-contact-details-box-icon  td-transition td-primary-color\">\n                                    \n                                        <i aria-hidden=\"true\" class=\"td-icon flaticon-maps-and-flags\"><\/i>\n                                                                    <\/div>\n                                <h4 class=\"td-contact-box-title td-transition\">Adres:<\/h4>\n\n                                <p><a>Zeytink\u00f6y Mahallesi Ac\u0131payam Bulvar\u0131 No:5 Pamukkale\/DEN\u0130ZL\u0130<\/a><\/p>                            <\/div>\n                        <\/div>\n                                            <div class=\"col-xl-4 col-lg-6 col-md-6\">\n                            <div class=\"td-contact-details-box td-transition\">\n                                <div class=\"td-contact-details-box-icon  td-transition td-primary-color\">\n                                    \n                                        <i aria-hidden=\"true\" class=\"td-icon flaticon-mail-inbox-app\"><\/i>\n                                                                    <\/div>\n                                <h4 class=\"td-contact-box-title td-transition\">Email:<\/h4>\n\n                                <p><a class=\"email\" href=\"mailto:a.basakci@yahoo.com\">a.basakci@y<\/a>ahoo.com<\/p>                            <\/div>\n                        <\/div>\n                                <\/div>\n\t\t<\/div>\n\n\t\t\t\t\t\t<\/div>\n\t\t\t\t<\/div>\n\t\t\t\t\t<\/div>\n\t\t<\/div>\n\t\t\t\t\t<\/div>\n\t\t<\/section>\n\t\t<div class=\"elementor-element elementor-element-4be9f40 e-flex e-con-boxed e-con e-parent\" data-id=\"4be9f40\" data-element_type=\"container\" data-e-type=\"container\">\n\t\t\t\t\t<div class=\"e-con-inner\">\n\t\t\t\t<div class=\"elementor-element elementor-element-83fcc56 elementor-widget elementor-widget-google_maps\" data-id=\"83fcc56\" data-element_type=\"widget\" data-e-type=\"widget\" data-widget_type=\"google_maps.default\">\n\t\t\t\t<div class=\"elementor-widget-container\">\n\t\t\t\t\t\t\t<div class=\"elementor-custom-embed\">\n\t\t\t<iframe loading=\"lazy\"\n\t\t\t\t\tsrc=\"https:\/\/maps.google.com\/maps?q=Cerrahi%20Hastanesi%20Denizli&#038;t=m&#038;z=10&#038;output=embed&#038;iwloc=near\"\n\t\t\t\t\ttitle=\"Cerrahi Hastanesi Denizli\"\n\t\t\t\t\taria-label=\"Cerrahi Hastanesi Denizli\"\n\t\t\t><\/iframe>\n\t\t<\/div>\n\t\t\t\t\t\t<\/div>\n\t\t\t\t<\/div>\n\t\t\t\t\t<\/div>\n\t\t\t\t<\/div>\n\t\t\t\t<\/div>\n\t\t","protected":false},"excerpt":{"rendered":"<p>\u0130leti\u015fim \u0130leti\u015fim \u0130\u00e7in: Telefon: 0 (258) 266 67 68 Adres: Zeytink\u00f6y Mahallesi Ac\u0131payam Bulvar\u0131 No:5 Pamukkale\/DEN\u0130ZL\u0130 Email: a.basakci@yahoo.com<\/p>\n","protected":false},"author":1,"featured_media":0,"parent":0,"menu_order":0,"comment_status":"closed","ping_status":"closed","template":"","meta":{"footnotes":""},"class_list":["post-629","page","type-page","status-publish","hentry"],"_links":{"self":[{"href":"https:\/\/alperbasakci.com\/index.php\/wp-json\/wp\/v2\/pages\/629","targetHints":{"allow":["GET"]}}],"collection":[{"href":"https:\/\/alperbasakci.com\/index.php\/wp-json\/wp\/v2\/pages"}],"about":[{"href":"https:\/\/alperbasakci.com\/index.php\/wp-json\/wp\/v2\/types\/page"}],"author":[{"embeddable":true,"href":"https:\/\/alperbasakci.com\/index.php\/wp-json\/wp\/v2\/users\/1"}],"replies":[{"embeddable":true,"href":"https:\/\/alperbasakci.com\/index.php\/wp-json\/wp\/v2\/comments?post=629"}],"version-history":[{"count":25,"href":"https:\/\/alperbasakci.com\/index.php\/wp-json\/wp\/v2\/pages\/629\/revisions"}],"predecessor-version":[{"id":1440,"href":"https:\/\/alperbasakci.com\/index.php\/wp-json\/wp\/v2\/pages\/629\/revisions\/1440"}],"wp:attachment":[{"href":"https:\/\/alperbasakci.com\/index.php\/wp-json\/wp\/v2\/media?parent=629"}],"curies":[{"name":"wp","href":"https:\/\/api.w.org\/{rel}","templated":true}]}}