{"id":608,"date":"2022-06-10T19:22:20","date_gmt":"2022-06-10T19:22:20","guid":{"rendered":"https:\/\/demo.themedraft.net\/wp\/doctio\/?page_id=608"},"modified":"2024-10-05T07:08:30","modified_gmt":"2024-10-05T07:08:30","slug":"hakkimda","status":"publish","type":"page","link":"https:\/\/alperbasakci.com\/index.php\/hakkimda\/","title":{"rendered":"Hakk\u0131mda"},"content":{"rendered":"\t\t<div data-elementor-type=\"wp-page\" data-elementor-id=\"608\" class=\"elementor elementor-608\">\n\t\t\t\t\t\t<section class=\"elementor-section elementor-top-section elementor-element elementor-element-433d3c3b elementor-section-stretched elementor-section-boxed elementor-section-height-default elementor-section-height-default\" data-id=\"433d3c3b\" data-element_type=\"section\" data-e-type=\"section\" data-settings=\"{&quot;stretch_section&quot;:&quot;section-stretched&quot;}\">\n\t\t\t\t\t\t<div class=\"elementor-container elementor-column-gap-default\">\n\t\t\t\t\t<div class=\"elementor-column elementor-col-50 elementor-top-column elementor-element elementor-element-2ec804cd\" data-id=\"2ec804cd\" data-element_type=\"column\" data-e-type=\"column\">\n\t\t\t<div class=\"elementor-widget-wrap elementor-element-populated\">\n\t\t\t\t\t\t<div class=\"elementor-element elementor-element-7f8a77d3 elementor-widget elementor-widget-themedraft_section_title\" data-id=\"7f8a77d3\" data-element_type=\"widget\" data-e-type=\"widget\" data-widget_type=\"themedraft_section_title.default\">\n\t\t\t\t<div class=\"elementor-widget-container\">\n\t\t\t\t\t\n\t\t<div class=\"td-section-title-wrapper\">\n            <div class=\"td-section-title-content td-secondary-font\">\n                                    <div class=\"td-section-title-bg-text left\">\n                        Hakk\u0131mda                    <\/div>\n                \n                \n                                    <div class=\"td-section-title\">\n                        <h2>Hakk\u0131mda<\/h2>                    <\/div>\n                                        <div class=\"title-bottom-line\" style=\"background-image: url(https:\/\/alperbasakci.com\/wp-content\/uploads\/2022\/06\/testimonial-3-bg.png)\"><\/div>\n                                                <\/div>\n\t\t<\/div>\n\t\t\t\t\t\t<\/div>\n\t\t\t\t<\/div>\n\t\t\t\t<div class=\"elementor-element elementor-element-6b2eb3ed elementor-widget elementor-widget-themedraft_text\" data-id=\"6b2eb3ed\" data-element_type=\"widget\" data-e-type=\"widget\" data-widget_type=\"themedraft_text.default\">\n\t\t\t\t<div class=\"elementor-widget-container\">\n\t\t\t\t\t\n\t\t<div class=\"td-text-wrapper\">\n\t\t\t<p>Merhaba; Op. Dr. Alper Ba\u015fakc\u0131 1971 U\u015eAK do\u011fumluyum. \u0130lk, orta \u00f6\u011frenimimi U\u015fak\u2019ta tamamlad\u0131m. Lise \u00f6\u011frenimini Gaziantep Fen Lisesinde yaparak, Ege \u00dcniversitesi T\u0131p Fak\u00fcltesini 1994 y\u0131l\u0131nda ba\u015far\u0131yla bitirdim. \u00dcroloji e\u011fitimimi ise Dokuz Eyl\u00fcl \u00dcniversitesi T\u0131p Fak\u00fcltesi\u2019nde alarak mesle\u011fe ba\u015flad\u0131m.<\/p>\n            \t\t<\/div>\n\n\t\t\t\t\t\t<\/div>\n\t\t\t\t<\/div>\n\t\t<div class=\"elementor-element elementor-element-f26e638 e-flex e-con-boxed e-con e-parent\" data-id=\"f26e638\" data-element_type=\"container\" data-e-type=\"container\">\n\t\t\t\t\t<div class=\"e-con-inner\">\n\t\t\t\t\t<\/div>\n\t\t\t\t<\/div>\n\t\t\t\t<div class=\"elementor-element elementor-element-4a0a8e27 elementor-widget elementor-widget-themedraft_button_widget\" data-id=\"4a0a8e27\" data-element_type=\"widget\" data-e-type=\"widget\" data-widget_type=\"themedraft_button_widget.default\">\n\t\t\t\t<div class=\"elementor-widget-container\">\n\t\t\t\t\t\n\t\t<div class=\"themedraft-button-wrapper td-button-el-widget\">\n\t\t\t<a href=\"http:\/\/www.cerrahi.com.tr\/hizli-randevu\/\" class=\"themedraft-button td-button themedraft-button-one\" >Online Randevu                <i class=\"fas fa-plus\"><\/i>\n            <\/a>\n\n\t\t\t\n                \t\t\t\t<a href=\"tel:0%20(258)%20266%2067%2068\" class=\"themedraft-button td-button themedraft-button-two\" >0 (258) 266 67 68                    <i class=\"fas fa-plus\"><\/i>\n                <\/a>\n                \t\t\t\t\t<\/div>\n\t\t\t\t\t\t<\/div>\n\t\t\t\t<\/div>\n\t\t\t\t\t<\/div>\n\t\t<\/div>\n\t\t\t\t<div class=\"elementor-column elementor-col-50 elementor-top-column elementor-element elementor-element-5ceb424b\" data-id=\"5ceb424b\" data-element_type=\"column\" data-e-type=\"column\">\n\t\t\t<div class=\"elementor-widget-wrap elementor-element-populated\">\n\t\t\t\t\t\t<div class=\"elementor-element elementor-element-dde62db elementor-widget elementor-widget-image\" data-id=\"dde62db\" data-element_type=\"widget\" data-e-type=\"widget\" data-widget_type=\"image.default\">\n\t\t\t\t<div class=\"elementor-widget-container\">\n\t\t\t\t\t\t\t\t\t\t\t\t\t\t\t<img fetchpriority=\"high\" decoding=\"async\" width=\"768\" height=\"1024\" src=\"https:\/\/alperbasakci.com\/wp-content\/uploads\/2024\/10\/IMG_20240925_165904_209-768x1024.jpg\" class=\"attachment-large size-large wp-image-1544\" alt=\"\" srcset=\"https:\/\/alperbasakci.com\/wp-content\/uploads\/2024\/10\/IMG_20240925_165904_209-768x1024.jpg 768w, https:\/\/alperbasakci.com\/wp-content\/uploads\/2024\/10\/IMG_20240925_165904_209-225x300.jpg 225w, https:\/\/alperbasakci.com\/wp-content\/uploads\/2024\/10\/IMG_20240925_165904_209-1152x1536.jpg 1152w, https:\/\/alperbasakci.com\/wp-content\/uploads\/2024\/10\/IMG_20240925_165904_209-1536x2048.jpg 1536w, https:\/\/alperbasakci.com\/wp-content\/uploads\/2024\/10\/IMG_20240925_165904_209-scaled.jpg 1920w\" sizes=\"(max-width: 768px) 100vw, 768px\" \/>\t\t\t\t\t\t\t\t\t\t\t\t\t\t\t<\/div>\n\t\t\t\t<\/div>\n\t\t\t\t\t<\/div>\n\t\t<\/div>\n\t\t\t\t\t<\/div>\n\t\t<\/section>\n\t\t<div class=\"elementor-element elementor-element-299b108 e-flex e-con-boxed e-con e-parent\" data-id=\"299b108\" data-element_type=\"container\" data-e-type=\"container\">\n\t\t\t\t\t<div class=\"e-con-inner\">\n\t\t\t\t<div class=\"elementor-element elementor-element-37244b9 elementor-widget-divider--view-line elementor-widget elementor-widget-divider\" data-id=\"37244b9\" data-element_type=\"widget\" data-e-type=\"widget\" data-widget_type=\"divider.default\">\n\t\t\t\t<div class=\"elementor-widget-container\">\n\t\t\t\t\t\t\t<div class=\"elementor-divider\">\n\t\t\t<span class=\"elementor-divider-separator\">\n\t\t\t\t\t\t<\/span>\n\t\t<\/div>\n\t\t\t\t\t\t<\/div>\n\t\t\t\t<\/div>\n\t\t\t\t\t<\/div>\n\t\t\t\t<\/div>\n\t\t<div class=\"elementor-element elementor-element-74473db e-flex e-con-boxed e-con e-parent\" data-id=\"74473db\" data-element_type=\"container\" data-e-type=\"container\">\n\t\t\t\t\t<div class=\"e-con-inner\">\n\t\t<div class=\"elementor-element elementor-element-60d9305 e-con-full e-flex e-con e-child\" data-id=\"60d9305\" data-element_type=\"container\" data-e-type=\"container\">\n\t\t\t\t<div class=\"elementor-element elementor-element-470fb5c elementor-widget elementor-widget-themedraft_promo_box\" data-id=\"470fb5c\" data-element_type=\"widget\" data-e-type=\"widget\" data-widget_type=\"themedraft_promo_box.default\">\n\t\t\t\t<div class=\"elementor-widget-container\">\n\t\t\t\t\t\n\t\t<div class=\"td-promo-box-wrapper td-icon-left\">\n\t\t\t<div class=\"row\">\n\t\t\t\t\t\t\t\t\t\t<div class=\"col-xl-12 col-lg-6 col-md-6\">\n\t\t\t\t\t\t\t<div class=\"td-single-promo-box\">\n\t\t\t\t\t\t\t\t<div class=\"td-promo-icon td-primary-color\">\n\t\t\t\t\t\t\t\t\t<i aria-hidden=\"true\" class=\"td-icon flaticon-wreath\"><\/i>\t\t\t\t\t\t\t\t<\/div>\n\n                                <h4 class=\"td-promo-title\">E\u011e\u0130T\u0130M<\/h4>\n\n                                <div class=\"td-promo-desc td-last-p-0\">\n\t                                <p>\u00a0<\/p><ul><li>1995 ~ 2000Dokuz Eylul \u00dcniversitesi \u00dcroloji B\u00f6l\u00fcm\u00fc \u0130ZM\u0130R<\/li><li>1988 ~ 1994 Ege \u00dcniversitesi T\u0131p Fak\u00fcltesi \u0130ZM\u0130R<\/li><li>1985 ~ 1988 Fen lisesi\u00a0 \u00a0GAZ\u0130ANTEP<\/li><li>1982 ~ 1985 Halit Ziya U\u015fakl\u0131gil Ortaokulu U\u015eAK<\/li><li>1977 ~ 1982 Cumhuriyet \u0130lkokulu U\u015eAK<\/li><\/ul>                                <\/div>\n\t\t\t\t\t\t\t<\/div>\n\t\t\t\t\t\t<\/div>\n\t\t\t\t\t\t\t\t\t\t<div class=\"col-xl-12 col-lg-6 col-md-6\">\n\t\t\t\t\t\t\t<div class=\"td-single-promo-box\">\n\t\t\t\t\t\t\t\t<div class=\"td-promo-icon td-primary-color\">\n\t\t\t\t\t\t\t\t\t<i aria-hidden=\"true\" class=\"td-icon flaticon-medical-laboratory\"><\/i>\t\t\t\t\t\t\t\t<\/div>\n\n                                <h4 class=\"td-promo-title\">\u00c7ALI\u015eTI\u011eI VE E\u011e\u0130T\u0130M ALDI\u011eI KURUMLAR<\/h4>\n\n                                <div class=\"td-promo-desc td-last-p-0\">\n\t                                <p>\u00a0<\/p><ul><li>Bulancak Devlet Hastanesi G\u0130RESUN (2001-2004)<\/li><li>Banaz Devlet Hastanesi U\u015eAK (2004-2005)<\/li><li>Ordu Devlet Hastanesi ORDU (2005-2013)<\/li><li>Giresun Ada hastanesi (2013-2014)<\/li><li>Cerrahi Hastanesi DEN\u0130ZL\u0130 (2014-Halen devam etmekte)<\/li><\/ul>                                <\/div>\n\t\t\t\t\t\t\t<\/div>\n\t\t\t\t\t\t<\/div>\n\t\t\t\t\t\t\t<\/div>\n\t\t<\/div>\n\n\t\t\t\t\t\t<\/div>\n\t\t\t\t<\/div>\n\t\t\t\t<\/div>\n\t\t<div class=\"elementor-element elementor-element-d00dab1 e-con-full e-flex e-con e-child\" data-id=\"d00dab1\" data-element_type=\"container\" data-e-type=\"container\">\n\t\t\t\t<div class=\"elementor-element elementor-element-4398bf1 elementor-widget elementor-widget-themedraft_promo_box\" data-id=\"4398bf1\" data-element_type=\"widget\" data-e-type=\"widget\" data-widget_type=\"themedraft_promo_box.default\">\n\t\t\t\t<div class=\"elementor-widget-container\">\n\t\t\t\t\t\n\t\t<div class=\"td-promo-box-wrapper td-icon-left\">\n\t\t\t<div class=\"row\">\n\t\t\t\t\t\t\t\t\t\t<div class=\"col-xl-12 col-lg-6 col-md-6\">\n\t\t\t\t\t\t\t<div class=\"td-single-promo-box\">\n\t\t\t\t\t\t\t\t<div class=\"td-promo-icon td-primary-color\">\n\t\t\t\t\t\t\t\t\t<i aria-hidden=\"true\" class=\"td-icon flaticon-wreath\"><\/i>\t\t\t\t\t\t\t\t<\/div>\n\n                                <h4 class=\"td-promo-title\">KATILDI\u011eI KURS ve ALDI\u011eI SERT\u0130F\u0130KALAR<\/h4>\n\n                                <div class=\"td-promo-desc td-last-p-0\">\n\t                                <p>\u00a0<\/p><ul><li>Advanced Laparoscopy HAMBURG 2010<\/li><li>Perkutan Nefrolitotomi\u00a0 ANKARA 2005<\/li><li>Transrektal Prostat Biyopsi \u0130STANBUL 2006<\/li><li>AUA Kongre\u00a0 WASHINGTON 2011<\/li><\/ul>                                <\/div>\n\t\t\t\t\t\t\t<\/div>\n\t\t\t\t\t\t<\/div>\n\t\t\t\t\t\t\t\t\t\t<div class=\"col-xl-12 col-lg-6 col-md-6\">\n\t\t\t\t\t\t\t<div class=\"td-single-promo-box\">\n\t\t\t\t\t\t\t\t<div class=\"td-promo-icon td-primary-color\">\n\t\t\t\t\t\t\t\t\t<i aria-hidden=\"true\" class=\"td-icon flaticon-award\"><\/i>\t\t\t\t\t\t\t\t<\/div>\n\n                                <h4 class=\"td-promo-title\">\u00dcYEL\u0130KLER<\/h4>\n\n                                <div class=\"td-promo-desc td-last-p-0\">\n\t                                <ul><li>EAU<ul><li>T\u00fcrk \u00dcroloji Derne\u011fi Bat\u0131 Karadeniz \u015eubesi Genel Kurul \u00dcyesi<\/li><li>\u00dcroonkoloji Derne\u011fi<\/li><\/ul><\/li><li>Endo\u00fcroloji Derne\u011fi<\/li><li>\u00dcrolojik Cerrahi Derne\u011fi<\/li><\/ul>                                <\/div>\n\t\t\t\t\t\t\t<\/div>\n\t\t\t\t\t\t<\/div>\n\t\t\t\t\t\t\t<\/div>\n\t\t<\/div>\n\n\t\t\t\t\t\t<\/div>\n\t\t\t\t<\/div>\n\t\t\t\t<\/div>\n\t\t\t\t\t<\/div>\n\t\t\t\t<\/div>\n\t\t\t\t<section class=\"elementor-section elementor-top-section elementor-element elementor-element-1cd4493e elementor-section-stretched elementor-section-boxed elementor-section-height-default elementor-section-height-default\" data-id=\"1cd4493e\" data-element_type=\"section\" data-e-type=\"section\" data-settings=\"{&quot;stretch_section&quot;:&quot;section-stretched&quot;}\">\n\t\t\t\t\t\t<div class=\"elementor-container elementor-column-gap-default\">\n\t\t\t\t\t<div class=\"elementor-column elementor-col-100 elementor-top-column elementor-element elementor-element-45167e09\" data-id=\"45167e09\" data-element_type=\"column\" data-e-type=\"column\">\n\t\t\t<div class=\"elementor-widget-wrap\">\n\t\t\t\t\t\t\t<\/div>\n\t\t<\/div>\n\t\t\t\t\t<\/div>\n\t\t<\/section>\n\t\t\t\t<section class=\"elementor-section elementor-top-section elementor-element elementor-element-26ed1065 elementor-section-stretched elementor-section-boxed elementor-section-height-default elementor-section-height-default\" data-id=\"26ed1065\" data-element_type=\"section\" data-e-type=\"section\" data-settings=\"{&quot;background_background&quot;:&quot;classic&quot;,&quot;stretch_section&quot;:&quot;section-stretched&quot;}\">\n\t\t\t\t\t\t<div class=\"elementor-container elementor-column-gap-default\">\n\t\t\t\t\t<div class=\"elementor-column elementor-col-50 elementor-top-column elementor-element elementor-element-d471f86\" data-id=\"d471f86\" data-element_type=\"column\" data-e-type=\"column\">\n\t\t\t<div class=\"elementor-widget-wrap\">\n\t\t\t\t\t\t\t<\/div>\n\t\t<\/div>\n\t\t\t\t<div class=\"elementor-column elementor-col-50 elementor-top-column elementor-element elementor-element-5b320315\" data-id=\"5b320315\" data-element_type=\"column\" data-e-type=\"column\">\n\t\t\t<div class=\"elementor-widget-wrap\">\n\t\t\t\t\t\t\t<\/div>\n\t\t<\/div>\n\t\t\t\t\t<\/div>\n\t\t<\/section>\n\t\t\t\t<\/div>\n\t\t","protected":false},"excerpt":{"rendered":"<p>Hakk\u0131mda Hakk\u0131mda Merhaba; Op. Dr. Alper Ba\u015fakc\u0131 1971 U\u015eAK do\u011fumluyum. \u0130lk, orta \u00f6\u011frenimimi U\u015fak\u2019ta tamamlad\u0131m. Lise \u00f6\u011frenimini Gaziantep Fen Lisesinde yaparak, Ege \u00dcniversitesi T\u0131p Fak\u00fcltesini 1994 y\u0131l\u0131nda ba\u015far\u0131yla bitirdim. \u00dcroloji e\u011fitimimi ise Dokuz Eyl\u00fcl \u00dcniversitesi T\u0131p Fak\u00fcltesi\u2019nde alarak mesle\u011fe ba\u015flad\u0131m. Online Randevu 0 (258) 266 67 68 E\u011e\u0130T\u0130M \u00a0 1995 ~ 2000Dokuz Eylul \u00dcniversitesi \u00dcroloji [&hellip;]<\/p>\n","protected":false},"author":1,"featured_media":0,"parent":0,"menu_order":0,"comment_status":"closed","ping_status":"closed","template":"","meta":{"footnotes":""},"class_list":["post-608","page","type-page","status-publish","hentry"],"_links":{"self":[{"href":"https:\/\/alperbasakci.com\/index.php\/wp-json\/wp\/v2\/pages\/608","targetHints":{"allow":["GET"]}}],"collection":[{"href":"https:\/\/alperbasakci.com\/index.php\/wp-json\/wp\/v2\/pages"}],"about":[{"href":"https:\/\/alperbasakci.com\/index.php\/wp-json\/wp\/v2\/types\/page"}],"author":[{"embeddable":true,"href":"https:\/\/alperbasakci.com\/index.php\/wp-json\/wp\/v2\/users\/1"}],"replies":[{"embeddable":true,"href":"https:\/\/alperbasakci.com\/index.php\/wp-json\/wp\/v2\/comments?post=608"}],"version-history":[{"count":32,"href":"https:\/\/alperbasakci.com\/index.php\/wp-json\/wp\/v2\/pages\/608\/revisions"}],"predecessor-version":[{"id":1547,"href":"https:\/\/alperbasakci.com\/index.php\/wp-json\/wp\/v2\/pages\/608\/revisions\/1547"}],"wp:attachment":[{"href":"https:\/\/alperbasakci.com\/index.php\/wp-json\/wp\/v2\/media?parent=608"}],"curies":[{"name":"wp","href":"https:\/\/api.w.org\/{rel}","templated":true}]}}