{"id":1304,"date":"2024-07-25T11:01:58","date_gmt":"2024-07-25T11:01:58","guid":{"rendered":"https:\/\/alperbasakci.com\/?page_id=1304"},"modified":"2024-07-25T11:02:23","modified_gmt":"2024-07-25T11:02:23","slug":"mesane-kanseri","status":"publish","type":"page","link":"https:\/\/alperbasakci.com\/index.php\/mesane-kanseri\/","title":{"rendered":"Mesane Kanseri"},"content":{"rendered":"\t\t<div data-elementor-type=\"wp-page\" data-elementor-id=\"1304\" class=\"elementor elementor-1304\" data-elementor-post-type=\"page\">\n\t\t\t\t<div class=\"elementor-element elementor-element-1c99be0 e-flex e-con-boxed e-con e-parent\" data-id=\"1c99be0\" data-element_type=\"container\" data-e-type=\"container\">\n\t\t\t\t\t<div class=\"e-con-inner\">\n\t\t<div class=\"elementor-element elementor-element-52534aa e-con-full e-flex e-con e-child\" data-id=\"52534aa\" data-element_type=\"container\" data-e-type=\"container\">\n\t\t\t\t<\/div>\n\t\t<div class=\"elementor-element elementor-element-38db1f8 e-con-full e-flex e-con e-child\" data-id=\"38db1f8\" data-element_type=\"container\" data-e-type=\"container\">\n\t\t\t\t<div class=\"elementor-element elementor-element-4304e88 elementor-widget elementor-widget-heading\" data-id=\"4304e88\" data-element_type=\"widget\" data-e-type=\"widget\" data-widget_type=\"heading.default\">\n\t\t\t\t<div class=\"elementor-widget-container\">\n\t\t\t\t\t<h2 class=\"elementor-heading-title elementor-size-default\">Mesane Kanseri<\/h2>\t\t\t\t<\/div>\n\t\t\t\t<\/div>\n\t\t\t\t<\/div>\n\t\t<div class=\"elementor-element elementor-element-7fef12d e-con-full e-flex e-con e-child\" data-id=\"7fef12d\" data-element_type=\"container\" data-e-type=\"container\">\n\t\t\t\t<\/div>\n\t\t\t\t\t<\/div>\n\t\t\t\t<\/div>\n\t\t<div class=\"elementor-element elementor-element-a125dfa e-flex e-con-boxed e-con e-parent\" data-id=\"a125dfa\" data-element_type=\"container\" data-e-type=\"container\">\n\t\t\t\t\t<div class=\"e-con-inner\">\n\t\t\t\t<div class=\"elementor-element elementor-element-aef73d7 elementor-widget elementor-widget-text-editor\" data-id=\"aef73d7\" data-element_type=\"widget\" data-e-type=\"widget\" data-widget_type=\"text-editor.default\">\n\t\t\t\t<div class=\"elementor-widget-container\">\n\t\t\t\t\t\t\t\t\t<h3><strong>Mesane Kanseri ve Tedavi Y\u00f6ntemleri<\/strong><\/h3><p>Mesane kanseri, mesane i\u00e7indeki h\u00fccrelerin anormal bir \u015fekilde b\u00fcy\u00fcmesiyle ortaya \u00e7\u0131kan bir kanser t\u00fcr\u00fcd\u00fcr. Bu yaz\u0131da mesane kanserinin nedenlerini, belirtilerini ve tedavi se\u00e7eneklerini detayl\u0131 bir \u015fekilde inceleyece\u011fiz.<\/p><p><strong>Nedenler ve Risk Fakt\u00f6rleri<\/strong><\/p><p>Mesane kanserinin geli\u015fiminde \u00e7e\u015fitli fakt\u00f6rler rol oynayabilir. Ba\u015fl\u0131ca risk fakt\u00f6rleri \u015funlard\u0131r:<\/p><ul><li><strong>Sigara i\u00e7mek<\/strong>: Sigara i\u00e7mek mesane kanseri riskini art\u0131r\u0131r. Sigaran\u0131n b\u0131rak\u0131lmas\u0131 bu riski azaltabilir.<\/li><li><strong>Kimyasal maruziyet<\/strong>: Mesane kanseri, end\u00fcstriyel kimyasallara (benzin, boyalar, tar\u0131m ila\u00e7lar\u0131 gibi) uzun s\u00fcre maruz kalmakla ili\u015fkilidir.<\/li><li><strong>Ya\u015f<\/strong>: Mesane kanseri genellikle 50 ya\u015f \u00fczerindeki bireylerde daha s\u0131k g\u00f6r\u00fcl\u00fcr.<\/li><li><strong>Cinsiyet<\/strong>: Erkeklerde kad\u0131nlara g\u00f6re daha fazla mesane kanseri g\u00f6r\u00fclme e\u011filimindedir.<\/li><li><strong>Radyasyon veya ila\u00e7 tedavileri<\/strong>: \u00d6nceki radyoterapi veya baz\u0131 kanser tedavileri mesane kanseri riskini art\u0131rabilir.<\/li><li><strong>Genetik fakt\u00f6rler<\/strong>: Ailesel ge\u00e7i\u015f olabilir, ayn\u0131 zamanda baz\u0131 genetik durumlar da mesane kanseri riskini art\u0131rabilir.<\/li><\/ul><p><strong>Belirtiler<\/strong><\/p><p>Mesane kanserinin erken d\u00f6nemde belirti vermemesi nedeniyle, ilerleyen a\u015famalarda ortaya \u00e7\u0131kan belirtiler \u015funlar olabilir:<\/p><ul><li><strong>\u0130drar renginde de\u011fi\u015fiklik<\/strong>: Kanl\u0131 veya koyu renkli idrar.<\/li><li><strong>\u0130drar yapma s\u0131kl\u0131\u011f\u0131nda art\u0131\u015f<\/strong>: S\u0131k s\u0131k idrara \u00e7\u0131kma ihtiyac\u0131.<\/li><li><strong>\u0130drar yaparken yanma veya ac\u0131 hissi<\/strong>: \u0130drar yaparken rahats\u0131zl\u0131k hissi.<\/li><li><strong>Pelvik a\u011fr\u0131<\/strong>: Alt kar\u0131n veya pelvik b\u00f6lgede a\u011fr\u0131 veya rahats\u0131zl\u0131k.<\/li><li><strong>Kilo kayb\u0131 ve i\u015ftah kayb\u0131<\/strong>: Ani ve a\u00e7\u0131klanamayan kilo kayb\u0131 ve i\u015ftahs\u0131zl\u0131k.<\/li><\/ul><p>Bu belirtilerden herhangi biri fark edildi\u011finde, bir sa\u011fl\u0131k uzman\u0131na dan\u0131\u015fmak \u00f6nemlidir.<\/p><p><strong>Te\u015fhis Y\u00f6ntemleri<\/strong><\/p><p>Mesane kanseri te\u015fhisi i\u00e7in \u00e7e\u015fitli g\u00f6r\u00fcnt\u00fcleme testleri ve biyopsi y\u00f6ntemleri kullan\u0131l\u0131r. Bunlar \u015funlar\u0131 i\u00e7erebilir:<\/p><ul><li><strong>\u00dcriner Sistem Ultrasonografi (USG)<\/strong>: Mesanenin ve \u00e7evresindeki b\u00f6lgelerin detayl\u0131 g\u00f6r\u00fcnt\u00fclenmesi.<\/li><li><strong>Bilgisayarl\u0131 Tomografi (BT)<\/strong>: Kesitsel g\u00f6r\u00fcnt\u00fclerle mesane kanserinin yay\u0131l\u0131m\u0131n\u0131 de\u011ferlendirme.<\/li><li><strong>Manyetik Rezonans G\u00f6r\u00fcnt\u00fcleme (MRG)<\/strong>: BT gibi detayl\u0131 g\u00f6r\u00fcnt\u00fcler sa\u011flar.<\/li><li><strong>\u0130drar Sitolojisi<\/strong>: \u0130drarda kanser h\u00fccrelerinin mikroskop alt\u0131nda incelenmesi.<\/li><li><strong>Biyopsi<\/strong>: \u015e\u00fcpheli dokudan \u00f6rnek al\u0131narak kanserin do\u011frulanmas\u0131 i\u00e7in yap\u0131l\u0131r.<\/li><\/ul><p><strong>Tedavi Se\u00e7enekleri<\/strong><\/p><p>Mesane kanseri tedavisi, kanserin evresine, b\u00fcy\u00fcmesine ve hastan\u0131n genel sa\u011fl\u0131k durumuna ba\u011fl\u0131 olarak belirlenir. Tedavi se\u00e7enekleri \u015funlar\u0131 i\u00e7erebilir:<\/p><ul><li><strong>Cerrahi M\u00fcdahale<\/strong>: T\u00fcm\u00f6r\u00fcn \u00e7\u0131kar\u0131lmas\u0131 i\u00e7in yap\u0131lan operasyonlar (rezeksiyon).<\/li><li><strong>Radyasyon Tedavisi<\/strong>: Y\u00fcksek enerjili \u0131\u015f\u0131nlar\u0131n kanser h\u00fccrelerini yok etmek i\u00e7in kullan\u0131lmas\u0131.<\/li><li><strong>Kemoterapi<\/strong>: Kanser h\u00fccrelerini \u00f6ld\u00fcrmek i\u00e7in kullan\u0131lan ila\u00e7lar\u0131n kullan\u0131m\u0131.<\/li><li><strong>\u0130mm\u00fcnoterapi<\/strong>: Ba\u011f\u0131\u015f\u0131kl\u0131k sistemini kanserle sava\u015fmaya te\u015fvik eden ila\u00e7lar\u0131n kullan\u0131lmas\u0131.<\/li><li><strong>Hedeflenmi\u015f Tedaviler<\/strong>: Belirli genetik veya biyokimyasal \u00f6zelliklere dayal\u0131 olarak kanser h\u00fccrelerini hedefleyen ila\u00e7lar\u0131n kullan\u0131lmas\u0131.<\/li><\/ul><p>Tedavi plan\u0131 genellikle bir multidisipliner ekibin katk\u0131s\u0131yla belirlenir ve hastan\u0131n bireysel durumuna g\u00f6re \u00f6zelle\u015ftirilir.<\/p><p><strong>\u00d6nleyici \u00d6nlemler<\/strong><\/p><p>Mesane kanserinden korunmak i\u00e7in baz\u0131 \u00f6nlemler almak m\u00fcmk\u00fcnd\u00fcr. Bunlar aras\u0131nda sigara i\u00e7ilmemesi, kimyasallara maruziyeti en aza indirme (uygun koruyucu ekipman kullanma), d\u00fczenli sa\u011fl\u0131k kontrol\u00fc yap\u0131lmas\u0131 ve sa\u011fl\u0131kl\u0131 bir ya\u015fam tarz\u0131 s\u00fcrd\u00fcr\u00fclmesi yer al\u0131r.<\/p><p>Sonu\u00e7 olarak, mesane kanseri erken te\u015fhis ve uygun tedavi ile y\u00f6netilebilir bir durumdur. Belirtiler fark edildi\u011finde veya risk fakt\u00f6rleri varsa, zaman kaybetmeden bir sa\u011fl\u0131k uzman\u0131na dan\u0131\u015f\u0131lmas\u0131 \u00f6nemlidir. Her hasta i\u00e7in tedavi yakla\u015f\u0131m\u0131 ki\u015fiselle\u015ftirilmelidir.<\/p>\t\t\t\t\t\t\t\t<\/div>\n\t\t\t\t<\/div>\n\t\t\t\t\t<\/div>\n\t\t\t\t<\/div>\n\t\t\t\t<\/div>\n\t\t","protected":false},"excerpt":{"rendered":"<p>Mesane Kanseri Mesane Kanseri ve Tedavi Y\u00f6ntemleri Mesane kanseri, mesane i\u00e7indeki h\u00fccrelerin anormal bir \u015fekilde b\u00fcy\u00fcmesiyle ortaya \u00e7\u0131kan bir kanser t\u00fcr\u00fcd\u00fcr. Bu yaz\u0131da mesane kanserinin nedenlerini, belirtilerini ve tedavi se\u00e7eneklerini detayl\u0131 bir \u015fekilde inceleyece\u011fiz. Nedenler ve Risk Fakt\u00f6rleri Mesane kanserinin geli\u015fiminde \u00e7e\u015fitli fakt\u00f6rler rol oynayabilir. Ba\u015fl\u0131ca risk fakt\u00f6rleri \u015funlard\u0131r: Sigara i\u00e7mek: Sigara i\u00e7mek mesane kanseri [&hellip;]<\/p>\n","protected":false},"author":1,"featured_media":0,"parent":0,"menu_order":0,"comment_status":"closed","ping_status":"closed","template":"","meta":{"footnotes":""},"class_list":["post-1304","page","type-page","status-publish","hentry"],"_links":{"self":[{"href":"https:\/\/alperbasakci.com\/index.php\/wp-json\/wp\/v2\/pages\/1304","targetHints":{"allow":["GET"]}}],"collection":[{"href":"https:\/\/alperbasakci.com\/index.php\/wp-json\/wp\/v2\/pages"}],"about":[{"href":"https:\/\/alperbasakci.com\/index.php\/wp-json\/wp\/v2\/types\/page"}],"author":[{"embeddable":true,"href":"https:\/\/alperbasakci.com\/index.php\/wp-json\/wp\/v2\/users\/1"}],"replies":[{"embeddable":true,"href":"https:\/\/alperbasakci.com\/index.php\/wp-json\/wp\/v2\/comments?post=1304"}],"version-history":[{"count":4,"href":"https:\/\/alperbasakci.com\/index.php\/wp-json\/wp\/v2\/pages\/1304\/revisions"}],"predecessor-version":[{"id":1308,"href":"https:\/\/alperbasakci.com\/index.php\/wp-json\/wp\/v2\/pages\/1304\/revisions\/1308"}],"wp:attachment":[{"href":"https:\/\/alperbasakci.com\/index.php\/wp-json\/wp\/v2\/media?parent=1304"}],"curies":[{"name":"wp","href":"https:\/\/api.w.org\/{rel}","templated":true}]}}