{"id":1271,"date":"2024-07-25T10:35:42","date_gmt":"2024-07-25T10:35:42","guid":{"rendered":"https:\/\/alperbasakci.com\/?page_id=1271"},"modified":"2024-07-25T11:24:51","modified_gmt":"2024-07-25T11:24:51","slug":"vazektomi","status":"publish","type":"page","link":"https:\/\/alperbasakci.com\/index.php\/vazektomi\/","title":{"rendered":"Vazektomi"},"content":{"rendered":"\t\t<div data-elementor-type=\"wp-page\" data-elementor-id=\"1271\" class=\"elementor elementor-1271\">\n\t\t\t\t<div class=\"elementor-element elementor-element-1c99be0 e-flex e-con-boxed e-con e-parent\" data-id=\"1c99be0\" data-element_type=\"container\" data-e-type=\"container\">\n\t\t\t\t\t<div class=\"e-con-inner\">\n\t\t<div class=\"elementor-element elementor-element-52534aa e-con-full e-flex e-con e-child\" data-id=\"52534aa\" data-element_type=\"container\" data-e-type=\"container\">\n\t\t\t\t<\/div>\n\t\t<div class=\"elementor-element elementor-element-38db1f8 e-con-full e-flex e-con e-child\" data-id=\"38db1f8\" data-element_type=\"container\" data-e-type=\"container\">\n\t\t\t\t<div class=\"elementor-element elementor-element-4304e88 elementor-widget elementor-widget-heading\" data-id=\"4304e88\" data-element_type=\"widget\" data-e-type=\"widget\" data-widget_type=\"heading.default\">\n\t\t\t\t<div class=\"elementor-widget-container\">\n\t\t\t\t\t<h2 class=\"elementor-heading-title elementor-size-default\">Vazektomi<\/h2>\t\t\t\t<\/div>\n\t\t\t\t<\/div>\n\t\t\t\t<\/div>\n\t\t<div class=\"elementor-element elementor-element-7fef12d e-con-full e-flex e-con e-child\" data-id=\"7fef12d\" data-element_type=\"container\" data-e-type=\"container\">\n\t\t\t\t<\/div>\n\t\t\t\t\t<\/div>\n\t\t\t\t<\/div>\n\t\t<div class=\"elementor-element elementor-element-a125dfa e-flex e-con-boxed e-con e-parent\" data-id=\"a125dfa\" data-element_type=\"container\" data-e-type=\"container\">\n\t\t\t\t\t<div class=\"e-con-inner\">\n\t\t\t\t<div class=\"elementor-element elementor-element-aef73d7 elementor-widget elementor-widget-text-editor\" data-id=\"aef73d7\" data-element_type=\"widget\" data-e-type=\"widget\" data-widget_type=\"text-editor.default\">\n\t\t\t\t<div class=\"elementor-widget-container\">\n\t\t\t\t\t\t\t\t\t<p>Vazektomi, son zamanlarda giderek yayg\u0131nla\u015fan bir do\u011fum kontrol y\u00f6ntemidir. H\u0131zla yayg\u0131nla\u015fmas\u0131n\u0131n nedeni gebeli\u011fin \u00f6nlenmesinde %99.9\u2019un \u00fczerinde etki sa\u011flamas\u0131 ve olduk\u00e7a g\u00fcvenli olmas\u0131d\u0131r. Erkeklere uygulanan vazektomi ameliyat\u0131n\u0131n temel amac\u0131 spermlerin meniyi olu\u015fturan di\u011fer s\u0131v\u0131larla birle\u015fmesinin ve ejak\u00fclasyon s\u0131ras\u0131nda v\u00fccut d\u0131\u015far\u0131s\u0131na at\u0131lmas\u0131n\u0131n engellenmesidir. Erkeklerin do\u011fum kontrol y\u00f6ntemi olarak bilinen vazektomi ile kad\u0131nlarda t\u00fcplerin ba\u011flanmas\u0131 birbirine kar\u015f\u0131l\u0131k gelen, benzer s\u00fcre\u00e7ler olarak tan\u0131mlanabilir.<\/p><p>\u00a0<\/p><p>\u201cVazektomi geri d\u00f6n\u00fc\u015f\u00fc var m\u0131?\u201d sorusu s\u0131kl\u0131kla gelmekte ve bu soruya verilen yan\u0131tlar\u0131n vazektomi yapt\u0131rmay\u0131 d\u00fc\u015f\u00fcnen erkekler taraf\u0131ndan kapsaml\u0131 bir \u015fekilde bilinmesi \u00f6nemlidir. Vazektomi operasyonunun geri d\u00f6n\u00fc\u015f ihtimali bulunmakla birlikte bu y\u00f6ntemin kal\u0131c\u0131 olarak d\u00fc\u015f\u00fcn\u00fclmesi ve yaln\u0131zca kal\u0131c\u0131 olarak do\u011fum kontrol\u00fc sa\u011flamak isteyen erkekler taraf\u0131ndan tercih edilmesi gerekti\u011fi unutulmamal\u0131d\u0131r.<\/p><p>Konu hassas, \u00fcstelik vazektomi d\u00fcnya genelinde giderek artan s\u0131kl\u0131kla ba\u015fvurulan bir y\u00f6ntem. Dolay\u0131s\u0131yla operasyonun etki mekanizmas\u0131n\u0131n do\u011fru bilinmesi gerekiyor. Gelin birlikte erkeklerin s\u0131kl\u0131kla merak etti\u011fi o soruya; \u201cvazektomi nedir, nas\u0131l yap\u0131l\u0131r?\u201d sorusunun yan\u0131tlar\u0131na odaklanal\u0131m.<\/p><p>\u00a0<\/p><h2>Vazektomi Nedir, Nas\u0131l Yap\u0131l\u0131r?<\/h2><p>Vazektomi \u00f6zelinde detaylara ge\u00e7meden \u00f6nce bu ameliyat\u0131n nas\u0131l sonu\u00e7 verdi\u011fi ile ilgili en temel mekanizmay\u0131 a\u00e7\u0131klamak istiyorum.<\/p><p>Sperm ve erkek cinsiyet hormonlar\u0131n\u0131n \u00fcretimi testislerde yap\u0131l\u0131r. Testislerde bulunan \u00f6nc\u00fc h\u00fccreler taraf\u0131ndan \u00fcretilen spermler, epididim ad\u0131 verilen sarmal t\u00fcp yap\u0131lar\u0131nda olgunla\u015f\u0131r. Bu t\u00fcp yap\u0131lar\u0131 ile prostat bezi aras\u0131nda ana sperm kanal\u0131 olan vas deferans bulunur. Vazektomi s\u0131ras\u0131nda i\u015fte bu ana sperm kanal\u0131 hedef al\u0131n\u0131r. Ana sperm kanal\u0131n\u0131n bloke edilmesi sonucu spermler di\u011fer ejak\u00fclasyon s\u0131v\u0131lar\u0131 ile birle\u015femedikleri i\u00e7in bo\u015falma s\u0131ras\u0131nda v\u00fccut d\u0131\u015far\u0131s\u0131na at\u0131lmazlar.<\/p><p>Bu k\u0131sa a\u00e7\u0131klamadan sonra vazektomi ameliyat\u0131na ge\u00e7ebiliriz. Vazektomi genellikle klinik ortam\u0131nda ger\u00e7ekle\u015ftirilebilse de ameliyathanede de yap\u0131lmas\u0131 gerekebilir. \u00d6zellikle farkl\u0131 cerrahilerle kombine edilmesi gerekiyorsa ya da genel anestezi karar\u0131 verilmi\u015fse ameliyathane tek se\u00e7enek haline gelir.<\/p><p>Vazektomi lokal ya da genel anestezi alt\u0131nda ger\u00e7ekle\u015ftirilebilir; hekimler ve hastalar en uygun anestezi y\u00f6ntemine birlikte karar verir. \u00c7\u00fcnk\u00fc tercih edilecek anestezi t\u00fcr\u00fc hem hastan\u0131n anatomisine hem beklentilerine hem de az \u00f6nce de belirtti\u011fim gibi farkl\u0131 operasyonlarla kombine edilip edilmeyece\u011fi do\u011frultusunda planlan\u0131r.<\/p><p>\u00a0<\/p><h2>Vazektomi Teknikleri<\/h2><p>Vazektomi operasyonu iki ayr\u0131 teknikle yap\u0131labilir.<\/p><p>\u0130lk teknik konvansiyonel yani geleneksel vazektomidir. Bu y\u00f6ntemde skrotuma iki k\u00fc\u00e7\u00fck kesi yap\u0131l\u0131r. Vas deferansa ula\u015f\u0131l\u0131r. Vas deferans kesilir ve kesilen b\u00f6lgede birle\u015fmenin engellenmesi ad\u0131na k\u00fc\u00e7\u00fck bir k\u0131sm\u0131 \u00e7\u0131kar\u0131l\u0131r. T\u00fcplerin u\u00e7 k\u0131s\u0131mlar\u0131 ba\u011flan\u0131r, kendili\u011finden eriyen diki\u015fler ile kesiler kapat\u0131larak operasyon sonland\u0131r\u0131l\u0131r.<\/p><p>Di\u011fer bir teknik \u201cne\u015ftersiz vazektomi\u201d olarak adland\u0131r\u0131l\u0131r. Bu teknikte skrotuma herhangi bir kesi at\u0131lmaz. Vas deferans skrotumdan hissedilir ve bir klips yard\u0131m\u0131yla tutulur. Cilde k\u00fc\u00e7\u00fck delikler a\u00e7\u0131l\u0131r ve cilt gerilerek vas deferanslar kald\u0131r\u0131l\u0131r. Daha sonra vas deferanslar kesilir ve kesilen k\u0131s\u0131mlar geleneksel vazektomide oldu\u011fu gibi ba\u011flanarak ve m\u00fch\u00fcrlenerek kapat\u0131l\u0131r.<\/p><p>\u00a0<\/p><h2>Vazektomi Sonras\u0131 \u0130yile\u015fme S\u00fcreci<\/h2><p>Hangi tekni\u011fin tercih edilece\u011fi hasta ve cerrah karar\u0131 ile belirlenir. Hangi teknikle yap\u0131l\u0131rsa yap\u0131ls\u0131n vazektomi operasyonu yakla\u015f\u0131k 30 dakikada tamamlan\u0131r ve hastanede yat\u0131\u015f gerektirmez. Post operatif s\u00fcre\u00e7te yan etki olu\u015fma ihtimali yok denecek kadar azd\u0131r.<\/p><p>Genel olarak vazektomi sonras\u0131 iyile\u015fme s\u00fcrecinde hastalar\u0131m\u0131za birka\u00e7 g\u00fcn dinlenmeleri gerekti\u011fini hat\u0131rlat\u0131yoruz. Bir haftadan k\u0131sa bir s\u00fcre sonra iyile\u015fme tamamlan\u0131yor. Bir\u00e7ok erkek Cuma g\u00fcn\u00fc ameliyat olup pazartesi i\u015fe d\u00f6nebiliyor. \u0130lk birka\u00e7 g\u00fcn a\u011fr\u0131 kesicilerle kontrol edilebilen bir a\u011fr\u0131 ya\u015fanabilir. Hekimlerin \u00f6nerilerine ve re\u00e7ete edilen ila\u00e7 kullan\u0131m\u0131na uyum sa\u011flanmas\u0131 \u00f6nemlidir.<\/p><p>\u00a0<\/p><h2>Vazektomi Sonras\u0131 Erken D\u00f6nemde Menide Sperm Olabilir!<\/h2><p>Vazektomi \u00e7ocuk sahibi olmak istemeyen ve bu iste\u011finden emin olan erkekler i\u00e7in \u00e7ok etkili bir do\u011fum kontrol y\u00f6ntemidir. Yan etkisi yoktur, hormon de\u011fi\u015fimlerine neden olmaz, erkek kaynakl\u0131 cinsel i\u015flev bozuklu\u011fu olu\u015fturmaz. \u00dcstelik %99,9 gibi \u00e7ok y\u00fcksek bir oranda koruma sa\u011flar.<\/p><p>Yine de bilinmesi gereken birka\u00e7 \u00f6nemli unsur oldu\u011funu s\u00f6yleyebiliriz. Vazektomi sonras\u0131 erkekler bo\u015falmaya ve bo\u015falma sonras\u0131 meni v\u00fccuttan d\u0131\u015far\u0131 \u00e7\u0131kmaya devam eder. Fakat bu s\u0131v\u0131n\u0131n i\u00e7erisinde canl\u0131 ya da cans\u0131z sperm h\u00fccresi bulunmaz. Ama\u2026<\/p><p>Vazektomi sonras\u0131 menide sperm bulunmamas\u0131 i\u00e7in operasyon sonras\u0131 s\u00fcre\u00e7te 10 \u2013 20 kez bo\u015falman\u0131n ger\u00e7ekle\u015fmesi gerekir. Aksi durumda menide sperm kalmas\u0131 m\u00fcmk\u00fcnd\u00fcr. Bu nedenle vazektomi sonras\u0131 iyile\u015fme s\u00fcrecinde (1 ay s\u00fcre ile) cinsel ili\u015fkiye girerken mutlaka do\u011fum kontrol y\u00f6ntemlerine ba\u015fvurulmas\u0131 gerekir. Menide hi\u00e7 sperm bulunup bulunmad\u0131\u011f\u0131 ile ilgili en kesin sonu\u00e7lar, semen analizi yani spermiyogram ile elde edilebilir. Vazektomiden 1 (bir) ay sonra yap\u0131lan ve arka arkaya 2 kez tekrarlanan spermiyogramda hi\u00e7 sperm h\u00fccresi g\u00f6r\u00fclmeyince i\u015flemin koruyuculu\u011fu ba\u015flam\u0131\u015f demektir.<\/p><p>\u00a0<\/p><h2>Son S\u00f6z\u2026<\/h2><p>Vazektomi \u00e7ocuk sahibi olmak istemeyen erkeklerin tercih edebilece\u011fi, g\u00fcvenli bir y\u00f6ntemdir. Orgazm ya da bo\u015falma s\u00fcrecini etkilemez. Sertle\u015fme problemi de vazektomiye ba\u011fl\u0131 olarak g\u00fcndeme gelmez.<\/p>\t\t\t\t\t\t\t\t<\/div>\n\t\t\t\t<\/div>\n\t\t\t\t\t<\/div>\n\t\t\t\t<\/div>\n\t\t<div class=\"elementor-element elementor-element-ba723ca e-flex e-con-boxed e-con e-parent\" data-id=\"ba723ca\" data-element_type=\"container\" data-e-type=\"container\">\n\t\t\t\t\t<div class=\"e-con-inner\">\n\t\t\t\t<div class=\"elementor-element elementor-element-8af2147 elementor-widget-divider--view-line elementor-widget elementor-widget-divider\" data-id=\"8af2147\" data-element_type=\"widget\" data-e-type=\"widget\" data-widget_type=\"divider.default\">\n\t\t\t\t<div class=\"elementor-widget-container\">\n\t\t\t\t\t\t\t<div class=\"elementor-divider\">\n\t\t\t<span class=\"elementor-divider-separator\">\n\t\t\t\t\t\t<\/span>\n\t\t<\/div>\n\t\t\t\t\t\t<\/div>\n\t\t\t\t<\/div>\n\t\t\t\t\t<\/div>\n\t\t\t\t<\/div>\n\t\t\t\t<\/div>\n\t\t","protected":false},"excerpt":{"rendered":"<p>Vazektomi Vazektomi, son zamanlarda giderek yayg\u0131nla\u015fan bir do\u011fum kontrol y\u00f6ntemidir. H\u0131zla yayg\u0131nla\u015fmas\u0131n\u0131n nedeni gebeli\u011fin \u00f6nlenmesinde %99.9\u2019un \u00fczerinde etki sa\u011flamas\u0131 ve olduk\u00e7a g\u00fcvenli olmas\u0131d\u0131r. Erkeklere uygulanan vazektomi ameliyat\u0131n\u0131n temel amac\u0131 spermlerin meniyi olu\u015fturan di\u011fer s\u0131v\u0131larla birle\u015fmesinin ve ejak\u00fclasyon s\u0131ras\u0131nda v\u00fccut d\u0131\u015far\u0131s\u0131na at\u0131lmas\u0131n\u0131n engellenmesidir. Erkeklerin do\u011fum kontrol y\u00f6ntemi olarak bilinen vazektomi ile kad\u0131nlarda t\u00fcplerin ba\u011flanmas\u0131 birbirine kar\u015f\u0131l\u0131k [&hellip;]<\/p>\n","protected":false},"author":1,"featured_media":0,"parent":0,"menu_order":0,"comment_status":"closed","ping_status":"closed","template":"","meta":{"footnotes":""},"class_list":["post-1271","page","type-page","status-publish","hentry"],"_links":{"self":[{"href":"https:\/\/alperbasakci.com\/index.php\/wp-json\/wp\/v2\/pages\/1271","targetHints":{"allow":["GET"]}}],"collection":[{"href":"https:\/\/alperbasakci.com\/index.php\/wp-json\/wp\/v2\/pages"}],"about":[{"href":"https:\/\/alperbasakci.com\/index.php\/wp-json\/wp\/v2\/types\/page"}],"author":[{"embeddable":true,"href":"https:\/\/alperbasakci.com\/index.php\/wp-json\/wp\/v2\/users\/1"}],"replies":[{"embeddable":true,"href":"https:\/\/alperbasakci.com\/index.php\/wp-json\/wp\/v2\/comments?post=1271"}],"version-history":[{"count":7,"href":"https:\/\/alperbasakci.com\/index.php\/wp-json\/wp\/v2\/pages\/1271\/revisions"}],"predecessor-version":[{"id":1343,"href":"https:\/\/alperbasakci.com\/index.php\/wp-json\/wp\/v2\/pages\/1271\/revisions\/1343"}],"wp:attachment":[{"href":"https:\/\/alperbasakci.com\/index.php\/wp-json\/wp\/v2\/media?parent=1271"}],"curies":[{"name":"wp","href":"https:\/\/api.w.org\/{rel}","templated":true}]}}