{"id":1262,"date":"2024-07-25T10:32:53","date_gmt":"2024-07-25T10:32:53","guid":{"rendered":"https:\/\/alperbasakci.com\/?page_id=1262"},"modified":"2024-07-25T11:21:41","modified_gmt":"2024-07-25T11:21:41","slug":"sertlesme-problemi-ve-tedavisi","status":"publish","type":"page","link":"https:\/\/alperbasakci.com\/index.php\/sertlesme-problemi-ve-tedavisi\/","title":{"rendered":"Sertle\u015fme Problemi ve Tedavisi"},"content":{"rendered":"\t\t<div data-elementor-type=\"wp-page\" data-elementor-id=\"1262\" class=\"elementor elementor-1262\">\n\t\t\t\t<div class=\"elementor-element elementor-element-1c99be0 e-flex e-con-boxed e-con e-parent\" data-id=\"1c99be0\" data-element_type=\"container\" data-e-type=\"container\">\n\t\t\t\t\t<div class=\"e-con-inner\">\n\t\t<div class=\"elementor-element elementor-element-52534aa e-con-full e-flex e-con e-child\" data-id=\"52534aa\" data-element_type=\"container\" data-e-type=\"container\">\n\t\t\t\t<\/div>\n\t\t<div class=\"elementor-element elementor-element-38db1f8 e-con-full e-flex e-con e-child\" data-id=\"38db1f8\" data-element_type=\"container\" data-e-type=\"container\">\n\t\t\t\t<div class=\"elementor-element elementor-element-4304e88 elementor-widget elementor-widget-heading\" data-id=\"4304e88\" data-element_type=\"widget\" data-e-type=\"widget\" data-widget_type=\"heading.default\">\n\t\t\t\t<div class=\"elementor-widget-container\">\n\t\t\t\t\t<h2 class=\"elementor-heading-title elementor-size-default\">Sertle\u015fme Problemi ve Tedavisi<\/h2>\t\t\t\t<\/div>\n\t\t\t\t<\/div>\n\t\t\t\t<\/div>\n\t\t<div class=\"elementor-element elementor-element-7fef12d e-con-full e-flex e-con e-child\" data-id=\"7fef12d\" data-element_type=\"container\" data-e-type=\"container\">\n\t\t\t\t<\/div>\n\t\t\t\t\t<\/div>\n\t\t\t\t<\/div>\n\t\t<div class=\"elementor-element elementor-element-a125dfa e-flex e-con-boxed e-con e-parent\" data-id=\"a125dfa\" data-element_type=\"container\" data-e-type=\"container\">\n\t\t\t\t\t<div class=\"e-con-inner\">\n\t\t\t\t<div class=\"elementor-element elementor-element-aef73d7 elementor-widget elementor-widget-text-editor\" data-id=\"aef73d7\" data-element_type=\"widget\" data-e-type=\"widget\" data-widget_type=\"text-editor.default\">\n\t\t\t\t<div class=\"elementor-widget-container\">\n\t\t\t\t\t\t\t\t\t<p>Erken bo\u015falma sorununun ard\u0131ndan en s\u0131k g\u00f6r\u00fclen erkek kaynakl\u0131 cinsel i\u015flev bozuklu\u011fu olan ve \u201cerektil disfonksiyon\u201d olarak da adland\u0131r\u0131lan sertle\u015fme problemi; tatmin edici bir cinsel ili\u015fki i\u00e7in penisin ideal oranda sertle\u015fememesi veya cinsel ili\u015fki sonuna dek sertli\u011fini koruyamamas\u0131 durumu olarak tan\u0131mlanabilir.<\/p><p>\u00a0<\/p><p>Sertle\u015fme problemi <b>fiziksel<\/b> ve\/veya psikolojik nedenlerle ortaya \u00e7\u0131kabilir. G\u00f6r\u00fclme s\u0131kl\u0131\u011f\u0131 ilerleyen <b>ya\u015f<\/b> ile birlikte artar ancak gen\u00e7 erkekleri de etkisi alt\u0131na alabilir. Sertle\u015fme sorunu kal\u0131c\u0131 ya da ge\u00e7ici bir nitelik ta\u015f\u0131yabilir, nitekim <b>tan\u0131<\/b> konulabilmesi i\u00e7in bu problemin tekrarlay\u0131c\u0131 \u015fekilde g\u00f6r\u00fclmesi kriteri de \u00f6nemli bir de\u011fi\u015fkendir.<\/p><p>Toplumumuzda \u201cerkeklik\u201d alg\u0131s\u0131 ile yak\u0131ndan \u00f6zde\u015fle\u015ftirilen bu cinsel i\u015flev bozuklu\u011fu erkeklerin psikolojik anlamda <b>sorun<\/b> ya\u015famas\u0131na, <b>cinsel ya\u015fam<\/b> ile ilgili sorunlara, partnerin tatminsizli\u011fine ve \u00e7iftler aras\u0131nda ileti\u015fim engelleri \u00e7\u0131kmas\u0131na neden olabiliyor. T\u00fcm bunlar bir yana, sertle\u015fme kompleks bir s\u00fcre\u00e7 ve bu s\u00fcre\u00e7te ya\u015fanan bir aksama farkl\u0131 sa\u011fl\u0131k sorunlar\u0131na i\u015faret edebiliyor.\u00a0<\/p><p>Konu hassas, erkekler kadar kad\u0131nlar da sertle\u015fme sorununun yol a\u00e7t\u0131\u011f\u0131 sonu\u00e7larla y\u00fczle\u015fmek durumunda kal\u0131yor. Gerekli tedbirlerin al\u0131nmas\u0131 ve tedavi se\u00e7eneklerinin de\u011ferlendirilmesi ad\u0131na da \u201csertle\u015fme bozuklu\u011fu nedir?\u201d sorusunun yan\u0131tlar\u0131n\u0131n bilinmesi gerekiyor.\u00a0<\/p><p><b>Sertle\u015fme problemi<\/b> hakk\u0131nda detaylara ge\u00e7meden \u00f6nce <b>penis<\/b>anatomisi hakk\u0131nda bilgi aktarmak istiyorum. B\u00f6ylece bu cinsel i\u015flev bozuklu\u011funun hassas ve kompleks do\u011fas\u0131 daha net anla\u015f\u0131labilecek.<\/p><p>\u00a0<\/p><h2>Penis Nas\u0131l Sertle\u015fir?\u00a0<\/h2><p>\u201c<b>Ereksiyon<\/b> nas\u0131l olur?\u201d sorusunun ard\u0131nda bir dizi kimyasal ve fiziksel s\u00fcre\u00e7 var. Sinirler, kan damarlar\u0131, hormonlar, kaslar ve daha nicesi ereksiyon s\u00fcrecinde devreye giriyor. Birbirini takip eden olaylar silsilesi, v\u00fccuttaki farkl\u0131 merkezlerin e\u015f zamanl\u0131 \u00e7al\u0131\u015fmas\u0131 ile sonu\u00e7lan\u0131yor. Gelin birlikte detaylar\u0131 ke\u015ffedelim.<\/p><p>Penis i\u00e7erisinde \u00fc\u00e7 ayr\u0131 kanal vard\u0131r. Bu \u00fc\u00e7 kanaldan ikisi; silindir \u015feklinde t\u00fcp yap\u0131s\u0131ndad\u0131r ve \u201ccorpora cavernosa\u201d olarak adland\u0131r\u0131l\u0131r. Corpora cavernosa kanallar\u0131n\u0131n d\u0131\u015f\u0131nda \u201ctunica albuginea\u201d ad\u0131 verilen koruyucu bir kaps\u00fcl bulunur. Son kanal ise \u201ccorpus spongiosum\u201d olarak bilinir ve i\u00e7erisinde idrarla meninin d\u0131\u015far\u0131 at\u0131lmas\u0131n\u0131 sa\u011flayan kanal\u0131 bulundurur.<\/p><p>Cinsel ili\u015fki \u00f6ncesinde penisin sertle\u015fmesini ve cinsel ili\u015fki s\u0131ras\u0131nda sertli\u011fini korumas\u0131n\u0131 sa\u011flayan bu t\u00fcplerin i\u00e7inde milyonlarca k\u00fc\u00e7\u00fck kan damar\u0131 bulunur. Koku, temas, ses, g\u00f6r\u00fcnt\u00fc gibi uyaranlara maruz kal\u0131nmas\u0131 sonucu cinsel uyar\u0131lman\u0131n ger\u00e7ekle\u015fmesiyle birlikte; merkezi <b>sinir<\/b> sistemi, hormonlar, kan damarlar\u0131, sinirler ve penis i\u00e7erisindeki d\u00fcz kas dokular\u0131 harekete ge\u00e7erek t\u00fcplerin i\u00e7erisindeki damarlara kan ak\u0131\u015f\u0131n\u0131n artmas\u0131n\u0131 sa\u011flarlar.\u00a0<\/p><p>T\u00fcpler kanla dolmaya ba\u015flay\u0131nca hacimlenir ve uzarlar. Sonras\u0131nda \u201ctunica albuginea\u201d adl\u0131 koruyucu kaps\u00fcl; kan\u0131n t\u00fcplerde kalmas\u0131 ve penisin sertli\u011finin korunmas\u0131 i\u00e7in toplar damarlar\u0131 s\u0131k\u0131\u015ft\u0131r\u0131r ve b\u00f6ylece kan her iki t\u00fcp yap\u0131s\u0131 i\u00e7erisinde hapsolmu\u015f olur. Cinsel tatmin ya\u015fand\u0131ktan sonra ise s\u00fcre\u00e7 tersine d\u00f6ner ve t\u00fcplerin i\u00e7erisindeki kan geriye \u00e7ekilir.\u00a0<\/p><p>Peki sertle\u015fme problemi tam olarak nedir? Farkl\u0131 bir perspektiften yan\u0131t verelim\u2026<\/p><p>\u00a0<\/p><h2>Sertle\u015fme Bozuklu\u011fu Nedir?<\/h2><p>Sertle\u015fme bozuklu\u011fu; uyar\u0131lma ile birlikte penis i\u00e7erisinde yer alan t\u00fcp yap\u0131lar\u0131na kan dolmamas\u0131, bir ba\u015fka deyi\u015fle penisin kanlanmamas\u0131 ya da uyar\u0131lma ile birlikte t\u00fcplere kan ak\u0131\u015f\u0131 olsa ve t\u00fcpler kanla dolsa da cinsel ili\u015fki bitmeden t\u00fcplerdeki kan\u0131n toplardamarlar arac\u0131l\u0131\u011f\u0131 ile v\u00fccuda geri d\u00f6nmesidir.\u00a0\u00a0\u00a0<\/p><p>Buradan yola \u00e7\u0131karak sertle\u015fme problemine neden olan iki ayr\u0131 fizyolojik s\u00fcrecin varl\u0131\u011f\u0131ndan bahsedebiliriz. Uyar\u0131lmaya ra\u011fmen ya t\u00fcplerin i\u00e7erisine yeterince kan gitmiyordur ve t\u00fcpler kanla dolmuyordur (bu durumu \u201cArteriyel Yetmezlik\u201d olarak adland\u0131r\u0131yoruz) ya da t\u00fcplere kan gitmesine ra\u011fmen toplardamarlar kan\u0131 tutma g\u00f6revini yapam\u0131yordur. (Bu durumu da \u201cVen\u00f6z Yetmezlik\u201d olarak adland\u0131r\u0131yoruz.)<\/p><p>Arteriyel yetmezlik durumunda penis cinsel ili\u015fki i\u00e7in yeterli sertli\u011fe eri\u015femez, ven\u00f6z yetmezlikte ise penis cinsel ili\u015fki sonuna kadar sertli\u011fini koruyamaz. \u201cCinsel ili\u015fkiye girebiliyorum ama hen\u00fcz <b>cinsel ili\u015fki<\/b> sonlanmadan sertli\u011fimi kaybediyorum\u201d \u015fikayeti ya\u015fayan hastalar\u0131n mutlaka ven\u00f6z yetmezlik bak\u0131m\u0131ndan de\u011ferlendirilmesi gerekiyor. \u00c7\u00fcnk\u00fc arteriyel yetmezlik kaynakl\u0131 cinsel i\u015flev bozuklu\u011fu ya\u015fayan hastalara uygulanan tedavi, ven\u00f6z yetmezlik ya\u015fayan hastalarda sonu\u00e7 vermiyor. Tedavi s\u00fcre\u00e7lerinde bu farkl\u0131l\u0131klara daha detayl\u0131 de\u011finece\u011fim.\u00a0<\/p><p>\u015eimdi sertle\u015fme probleminin ard\u0131ndaki nedenleri inceleyelim\u2026\u00a0<\/p><p>\u00a0<\/p><h2>Sertle\u015fme Probleminin Nedenleri Nelerdir?<\/h2><p>Sertle\u015fme problemi, di\u011fer <b>cinsel i\u015flev bozukluklar\u0131<\/b> gibi fiziksel ve <b>psikolojik<\/b> nedenler sonucu ortaya \u00e7\u0131kabilir. Nedenlerin ayr\u0131 ayr\u0131 de\u011ferlendirilmesi daha do\u011fru bir yakla\u015f\u0131m olacakt\u0131r.<\/p><p>\u00a0<\/p><ul><li><h3>Sertle\u015fme Probleminin Fiziksel Nedenleri\u00a0<\/h3><ul><li><b>Penise yeterince kan gitmemesi:<\/b><b> <\/b>Penise kan ak\u0131\u015f\u0131n\u0131 azaltan bir\u00e7ok farkl\u0131 ve tehlikeli sa\u011fl\u0131k sorunu olabilir. Damar <strong>sertli\u011fi<\/strong><b>, <\/b>kalp damar hastal\u0131klar\u0131, sigara kullan\u0131m\u0131<b>, <\/b><strong>y\u00fcksek kolesterol<\/strong><b>, <\/b>obezite,<b> <\/b><strong>hipertansiyon<\/strong><b>, <\/b>ilerleyen ya\u015f ve hareketsiz ya\u015fam gibi<b> <\/b><strong>risk fakt\u00f6rleri<\/strong><b> <\/b>nedeniyle penis kanlanmas\u0131 azalabilir.<\/li><li role=\"presentation\"><b>Kan\u0131n cinsel ili\u015fki s\u00fcresince penis i\u00e7erisinde tutulamamas\u0131:<\/b><b> <\/b>Cinsel ili\u015fki boyunca sertli\u011fin korunmamas\u0131n\u0131n nedenleri ven\u00f6z yetmezlik nedenleri ile paraleldir. <b>Prostat kanseri<\/b> gibi kanser tedavilerinin g\u00f6r\u00fclm\u00fc\u015f olmas\u0131, \u015feker hastal\u0131\u011f\u0131,\u00a0 kalp damar hastal\u0131klar\u0131, sigara kullan\u0131m\u0131 ve kolesterol y\u00fcksekli\u011fi ne yaz\u0131k ki penis toplardamarlar\u0131n\u0131 etkileyerek <b>sertle\u015fme sorunu<\/b> nedeni olabilir.<\/li><li role=\"presentation\"><b>Merkezi Sinir Sistemi Sorunlar\u0131:<\/b> <b>Multipl Skleroz<\/b>, omurilik yaralanmalar\u0131, antidepresan kullan\u0131m\u0131, pelvik b\u00f6lgeden ge\u00e7irilen operasyonlar gibi nedenlerle <b>beyin<\/b>, omurilik ve penis aras\u0131ndaki ileti\u015fim zarar g\u00f6rerek erektil disfonksiyon ile sonu\u00e7lanabilir.<\/li><\/ul><p>T\u00fcm bunlara ek olarak penis i\u00e7erisinde skar dokusu olu\u015fumu ile karakterize Peyronie hastal\u0131\u011f\u0131, <b>alkol ve madde<\/b> ba\u011f\u0131ml\u0131l\u0131\u011f\u0131, uyku bozukluklar\u0131, erkeklik hormonu seviyesindeki d\u00fc\u015f\u00fckl\u00fck de bu cinsel i\u015flev bozuklu\u011funa yol a\u00e7abilir.<br \/>\u00a0<\/p><\/li><li><h3>Sertle\u015fme Probleminin Psikolojik Nedenleri<\/h3><p>Her zaman s\u00f6yl\u00fcyorum, <b>sa\u011fl\u0131kl\u0131<\/b> bir cinsel ili\u015fki deneyimi i\u00e7in zihnin ve v\u00fccudun birlikte hareket etmeleri gerekir. Erkeklerin duygusal problemleri oldu\u011fu takdirde hem sertle\u015fme problemi ile kar\u015f\u0131la\u015f\u0131labilir hem de bu sorun ilerleyici bir h\u00e2l alabilir.\u00a0<\/p><ul><li role=\"presentation\"><b>Depresyon<\/b> ve anksiyete,<\/li><li role=\"presentation\">\u0130li\u015fkilerdeki problemler,<\/li><li role=\"presentation\"><b>Stres<\/b> ve<\/li><li role=\"presentation\">Performans kayg\u0131s\u0131 gibi psikolojik nedenler sertle\u015fme sorununa yol a\u00e7abilirler.<\/li><\/ul><p>Sertle\u015fme probleminin farkl\u0131 nedenleri olmas\u0131 tedavi s\u00fcre\u00e7lerinde de farkl\u0131la\u015fmay\u0131 gerektirir. Bu anlamda do\u011fru te\u015fhis kritik derecede \u00f6nemlidir. Bu \u00e7\u0131kar\u0131m da bizi bir sonraki konumuza, te\u015fhis s\u00fcrecine getirir.<\/p><\/li><\/ul><p>\u00a0<\/p><h2>Sertle\u015fme Problemi Nas\u0131l Te\u015fhis Edilir?<\/h2><p>Sertle\u015fme problemi ya\u015fayan ki\u015filerin, bu sorunlar\u0131na neden olan \u00e7e\u015fitli sa\u011fl\u0131k problemleri olabilece\u011fi ger\u00e7e\u011fini g\u00f6z ard\u0131 etmemesi gerekir. Ya\u015f\u0131n ilerlemesi ile birlikte g\u00f6r\u00fclme <b>s\u0131kl\u0131\u011f\u0131 <\/b>artsa da gen\u00e7 erkekler de sertle\u015fme ile ilgili problem ya\u015fayabilirler ve bu problemlerin ard\u0131nda <b>diyabet<\/b> ve <b>kalp damar<\/b> hastal\u0131klar\u0131 dahil olmak \u00fczere \u00e7e\u015fitli durumlar yatabilir.<\/p><p>T\u00fcm bu ger\u00e7ekliklerin \u0131\u015f\u0131\u011f\u0131nda sertle\u015fme sorunu ile gelen hastalar\u0131n te\u015fhislerinin mutlak do\u011frulukla konulmas\u0131 ad\u0131na kapsaml\u0131 ara\u015ft\u0131rmalar\u0131n yap\u0131lmas\u0131 elzemdir. Elbette \u00f6ncelikle hastal\u0131k \u00f6yk\u00fcs\u00fc al\u0131n\u0131r. Bu kapsamda ne zamand\u0131r bu \u015fikayetin ya\u015fand\u0131\u011f\u0131, \u015fikayetin boyutu, \u015fikayetin g\u00f6r\u00fclme s\u0131kl\u0131\u011f\u0131, kronik bir hastal\u0131\u011f\u0131n olup olmad\u0131\u011f\u0131, sigara ve alkol kullan\u0131l\u0131p kullan\u0131lmad\u0131\u011f\u0131 ve ya\u015fam tarz\u0131 detaylar\u0131 ile ilgili bilgiler edinilir.<\/p><p>Penis ve testislerin fiziksel <b>muayene<\/b> s\u00fcre\u00e7lerinin tamamlanmas\u0131 ve sinir hassasiyeti ile ilgili bilgi edinilmesi \u00f6nemlidir. Kan testleri ve <b>hormon<\/b> testleri ile <b>erkeklik hormonu<\/b> seviyesinin belirlenmesi ve kronik hastal\u0131klar\u0131n varl\u0131\u011f\u0131n\u0131n sorgulanmas\u0131 m\u00fcmk\u00fcn olabilir. Kan testlerine ek olarak idrar tahlili de gereklilik haline gelebilir.\u00a0<\/p><p>Bunlara ek olarak penisteki kan ak\u0131\u015f\u0131n\u0131n sa\u011fl\u0131kl\u0131 olup olmad\u0131\u011f\u0131n\u0131n ara\u015ft\u0131r\u0131lmas\u0131 da \u00f6nemlidir. Penis i\u00e7erisindeki t\u00fcplere kan ak\u0131\u015f\u0131n\u0131n olup olmad\u0131\u011f\u0131, penise kan ula\u015ft\u0131ran atardamarlar\u0131n ve penisteki kan\u0131n cinsel ili\u015fki boyunca t\u00fcp yap\u0131lar\u0131 i\u00e7erisinde tutulmas\u0131n\u0131 sa\u011flayan toplardamar fonksiyonlar\u0131n\u0131n de\u011ferlendirilmesi i\u00e7in penil renkli doppler ultrasonografi \u00e7ekilmesi gerekebilir. Bu g\u00f6r\u00fcnt\u00fcleme teknolojisi sayesinde sertle\u015fme sorunun damarsal nedenlerinin tespit edilmesi m\u00fcmk\u00fcnd\u00fcr.<\/p><p>\u201cSertle\u015fme problemi bir\u00e7ok farkl\u0131 organik nedenle olu\u015fabildi\u011fi i\u00e7in te\u015fhis s\u00fcre\u00e7lerinin de kapsaml\u0131 olarak ger\u00e7ekle\u015ftirilmesi gerekti\u011fini her zaman vurguluyorum.\u00a0<\/p><p>Sertle\u015fme sorununun organik nedenleri bulunamad\u0131\u011f\u0131 takdirde psikolojik destek al\u0131nmas\u0131, m\u00fcmk\u00fcnse terapilere partner veya e\u015f ile kat\u0131l\u0131m sa\u011flanmas\u0131 \u00f6nerilir.\u00a0<\/p><p>Te\u015fhis s\u00fcrecinin do\u011frulu\u011fu, hastaya en uygun tedavi y\u00f6ntemleri belirlenirken en temel dayanaklardan biri olacakt\u0131r. Ortaya \u00e7\u0131kan nedenler olduk\u00e7a \u00e7e\u015fitli olabilir ve bu durum da ak\u0131llara \u201csertle\u015fme problemi \u00f6nlenebilir mi?\u201d sorusunu getirir. Haydi gelin, bu sorunun yan\u0131t\u0131n\u0131 birlikte bulal\u0131m\u2026<\/p><p>\u00a0<\/p><h2>Sertle\u015fme Problemi \u00d6nlenebilir mi?<\/h2><p>Sertle\u015fme sorununun engellenip engellenemeyece\u011finin yan\u0131t\u0131 nedenleri do\u011frultusunda verilebilir. Baz\u0131 nedenlerini engellemek m\u00fcmk\u00fcn de\u011filken, kalp ve damar sa\u011fl\u0131\u011f\u0131n\u0131 koruyacak ve\/veya iyile\u015ftirecek tedbirlerin al\u0131nmas\u0131 ile bu cinsel fonksiyon bozuklu\u011fu engellenebilir ya da \u00f6telenebilir. Sertle\u015fme problemine iyi gelen \u00f6nerileri \u015fu \u015fekilde s\u0131ralayabilirim:<br \/>\u00a0<\/p><ul><li>A\u015f\u0131r\u0131 alkol ve <b>sigara kullan\u0131m\u0131<\/b> s\u00f6z konusuysa uzak durulmal\u0131d\u0131r.<\/li><li role=\"presentation\">Diyabet,\u00a0 <b>y\u00fcksek tansiyon<\/b> ve <b>kolesterol<\/b> gibi damar sa\u011fl\u0131\u011f\u0131na zarar veren hastal\u0131klar\u0131n olu\u015fumunun engellenmesi ad\u0131na sa\u011fl\u0131kl\u0131 beslenilmeli ve <b>d\u00fczenli egzersiz <\/b>yap\u0131lmal\u0131d\u0131r. B\u00f6ylece <b>kalp hastal\u0131\u011f\u0131<\/b> ve <b>obezite<\/b> gibi sertle\u015fme problemi ortaya \u00e7\u0131karan iki \u00f6nemli hastal\u0131k riski azalt\u0131labilir.<\/li><li role=\"presentation\">Kronik hastal\u0131klar\u0131n mevcudiyeti halinde bu hastal\u0131klar kontrol alt\u0131nda tutulmal\u0131d\u0131r.<\/li><li role=\"presentation\">M\u00fcmk\u00fcnse stresten uzak bir <b>ya\u015fam tarz\u0131<\/b> benimsenmelidir.\u00a0<\/li><\/ul><p>Neticede sertle\u015fme sorununun \u00f6nlenmesi t\u00fcm tedbirlere ra\u011fmen her <b>zaman<\/b> m\u00fcmk\u00fcn olamayabilir. Sertle\u015fme ile ilgili problem ya\u015fayan ki\u015filerin \u00f6ncelikle \u00fcroloji ve androloji uzmanlar\u0131na ba\u015fvurmas\u0131 ve kapsaml\u0131 tan\u0131 s\u00fcre\u00e7lerinden ge\u00e7meleri gerekir. Elde edilen sonu\u00e7lar tedavi se\u00e7eneklerinin do\u011fru belirlenmesi ve planlanmas\u0131 ad\u0131na kritik derecede \u00f6nemlidir.\u00a0<\/p><p>Sertle\u015fme problemi TEDAV\u0130 ED\u0130LEB\u0130LEN bir cinsel i\u015flev bozuklu\u011fudur. Tedavi planlamas\u0131 yap\u0131l\u0131rken hastan\u0131n ya\u015f\u0131, genel <b>sa\u011fl\u0131k<\/b> durumu, sertle\u015fme sorununun nedeni ve ne kadar ilerlemi\u015f oldu\u011fu dikkate al\u0131nmal\u0131d\u0131r. Peki hangi <b>tedavi y\u00f6ntemleri<\/b> ile sertle\u015fme sorunu d\u00fczelebilir?<\/p><p>\u00a0<\/p><h2>Sertle\u015fme Problemi Nas\u0131l Tedavi Edilir?<\/h2><p><b>Erektil disfonksiyon<\/b> tedavi y\u00f6ntemleri; cinsel fonksiyon sorununun arteriyel yetmezlik mi yoksa ven\u00f6z yetmezlik kaynakl\u0131 m\u0131 olup olmad\u0131\u011f\u0131 do\u011frultusunda temel olarak iki ayr\u0131 grupta incelenebilir.<\/p><p>\u00a0<\/p><ul><li><h3>Arteriyel Yetmezlik Kaynakl\u0131 Sertle\u015fme Problemi Tedavisi<\/h3><p>Peniste yeterli bir sertlik olu\u015fmas\u0131 i\u00e7in t\u00fcplere gerekli miktarda kan dolmamas\u0131 di\u011fer bir deyi\u015fle penisin kanlanmamas\u0131 ile karakterize arteriyel yetmezlik s\u00f6z konusu oldu\u011funda <b>ila\u00e7<\/b> tedavisi, \u015eok Dalga (ESWT), SVF k\u00f6k h\u00fccre tedavisi ve <b>penil protez<\/b> cerrahisi gibi tedavi y\u00f6ntemleri uygulanabilir.<\/p><p>AndroKL\u0130N\u0130K b\u00fcnyesinde arteriyel yetmezlik kaynakl\u0131 sertle\u015fme tedavisi kapsam\u0131nda; \u015e<b>ok dalga tedavisi <\/b>ve SVF k\u00f6k h\u00fccre tedavisi uygulanmaktad\u0131r.\u00a0<\/p><p>T\u00fcm tedavilerimiz gibi sertle\u015fme problemi i\u00e7in uygulad\u0131\u011f\u0131m\u0131z tedavi y\u00f6ntemleri de <b>hasta<\/b> \u00f6zelinde belirlenmekte, hastalar\u0131m\u0131za en k\u0131sa s\u00fcrede en etkili sonu\u00e7lar sa\u011flayabilecek y\u00f6ntemlerin tercih edilmesi ama\u00e7lanmaktad\u0131r.\u00a0<\/p><p>T\u00fcm tedaviler klinik ortam\u0131nda ger\u00e7ekle\u015ftirilmekte ve <b>tedavi<\/b> \u00f6ncesi ve <b>sonras\u0131<\/b> gereklilikleri hakk\u0131nda hastalar\u0131m\u0131za detayl\u0131 bilgi sunulmaktad\u0131r.\u00a0<\/p><br \/><br \/>\u00a0<\/li><li><h3>Ven\u00f6z Yetmezlik Kaynakl\u0131 Sertle\u015fme Problemi Tedavisi<\/h3><p>AndroKL\u0130N\u0130K b\u00fcnyesinde ven\u00f6z yetmezlik tedavisi Dorsal Ven Ligasyonu cerrahisi ile ger\u00e7ekle\u015ftirilmektedir. Cinsel ili\u015fki i\u00e7in yeterli sertli\u011fe ula\u015fan ancak ili\u015fki sonuna dek sertli\u011fi korunamayan hastalar\u0131m\u0131z i\u00e7in ven\u00f6z yetmezlik te\u015fhisinde penil renkli doppler ultrason teknolojisine ba\u015fvurulmakta, elde edilen sonu\u00e7lar toplardamarlarda ka\u00e7a\u011fa i\u015faret ediyorsa ve hastalar\u0131m\u0131z\u0131n genel sa\u011fl\u0131k durumu operasyon i\u00e7in engel te\u015fkil etmiyorsa <b>cerrahi<\/b> planlamas\u0131 yap\u0131labilmektedir.\u00a0<\/p><\/li><\/ul>\t\t\t\t\t\t\t\t<\/div>\n\t\t\t\t<\/div>\n\t\t\t\t\t<\/div>\n\t\t\t\t<\/div>\n\t\t<div class=\"elementor-element elementor-element-ba723ca e-flex e-con-boxed e-con e-parent\" data-id=\"ba723ca\" data-element_type=\"container\" data-e-type=\"container\">\n\t\t\t\t\t<div class=\"e-con-inner\">\n\t\t\t\t<div class=\"elementor-element elementor-element-8af2147 elementor-widget-divider--view-line elementor-widget elementor-widget-divider\" data-id=\"8af2147\" data-element_type=\"widget\" data-e-type=\"widget\" data-widget_type=\"divider.default\">\n\t\t\t\t<div class=\"elementor-widget-container\">\n\t\t\t\t\t\t\t<div class=\"elementor-divider\">\n\t\t\t<span class=\"elementor-divider-separator\">\n\t\t\t\t\t\t<\/span>\n\t\t<\/div>\n\t\t\t\t\t\t<\/div>\n\t\t\t\t<\/div>\n\t\t\t\t\t<\/div>\n\t\t\t\t<\/div>\n\t\t\t\t<\/div>\n\t\t","protected":false},"excerpt":{"rendered":"<p>Sertle\u015fme Problemi ve Tedavisi Erken bo\u015falma sorununun ard\u0131ndan en s\u0131k g\u00f6r\u00fclen erkek kaynakl\u0131 cinsel i\u015flev bozuklu\u011fu olan ve \u201cerektil disfonksiyon\u201d olarak da adland\u0131r\u0131lan sertle\u015fme problemi; tatmin edici bir cinsel ili\u015fki i\u00e7in penisin ideal oranda sertle\u015fememesi veya cinsel ili\u015fki sonuna dek sertli\u011fini koruyamamas\u0131 durumu olarak tan\u0131mlanabilir. \u00a0 Sertle\u015fme problemi fiziksel ve\/veya psikolojik nedenlerle ortaya \u00e7\u0131kabilir. G\u00f6r\u00fclme [&hellip;]<\/p>\n","protected":false},"author":1,"featured_media":0,"parent":0,"menu_order":0,"comment_status":"closed","ping_status":"closed","template":"","meta":{"footnotes":""},"class_list":["post-1262","page","type-page","status-publish","hentry"],"_links":{"self":[{"href":"https:\/\/alperbasakci.com\/index.php\/wp-json\/wp\/v2\/pages\/1262","targetHints":{"allow":["GET"]}}],"collection":[{"href":"https:\/\/alperbasakci.com\/index.php\/wp-json\/wp\/v2\/pages"}],"about":[{"href":"https:\/\/alperbasakci.com\/index.php\/wp-json\/wp\/v2\/types\/page"}],"author":[{"embeddable":true,"href":"https:\/\/alperbasakci.com\/index.php\/wp-json\/wp\/v2\/users\/1"}],"replies":[{"embeddable":true,"href":"https:\/\/alperbasakci.com\/index.php\/wp-json\/wp\/v2\/comments?post=1262"}],"version-history":[{"count":10,"href":"https:\/\/alperbasakci.com\/index.php\/wp-json\/wp\/v2\/pages\/1262\/revisions"}],"predecessor-version":[{"id":1332,"href":"https:\/\/alperbasakci.com\/index.php\/wp-json\/wp\/v2\/pages\/1262\/revisions\/1332"}],"wp:attachment":[{"href":"https:\/\/alperbasakci.com\/index.php\/wp-json\/wp\/v2\/media?parent=1262"}],"curies":[{"name":"wp","href":"https:\/\/api.w.org\/{rel}","templated":true}]}}