{"id":1243,"date":"2024-07-25T10:19:46","date_gmt":"2024-07-25T10:19:46","guid":{"rendered":"https:\/\/alperbasakci.com\/?page_id=1243"},"modified":"2024-07-25T10:22:09","modified_gmt":"2024-07-25T10:22:09","slug":"penis-buyutme-ameliyati","status":"publish","type":"page","link":"https:\/\/alperbasakci.com\/index.php\/penis-buyutme-ameliyati\/","title":{"rendered":"Penis B\u00fcy\u00fctme Ameliyat\u0131"},"content":{"rendered":"\t\t<div data-elementor-type=\"wp-page\" data-elementor-id=\"1243\" class=\"elementor elementor-1243\">\n\t\t\t\t<div class=\"elementor-element elementor-element-1c99be0 e-flex e-con-boxed e-con e-parent\" data-id=\"1c99be0\" data-element_type=\"container\" data-e-type=\"container\">\n\t\t\t\t\t<div class=\"e-con-inner\">\n\t\t<div class=\"elementor-element elementor-element-52534aa e-con-full e-flex e-con e-child\" data-id=\"52534aa\" data-element_type=\"container\" data-e-type=\"container\">\n\t\t\t\t<\/div>\n\t\t<div class=\"elementor-element elementor-element-38db1f8 e-con-full e-flex e-con e-child\" data-id=\"38db1f8\" data-element_type=\"container\" data-e-type=\"container\">\n\t\t\t\t<div class=\"elementor-element elementor-element-4304e88 elementor-widget elementor-widget-heading\" data-id=\"4304e88\" data-element_type=\"widget\" data-e-type=\"widget\" data-widget_type=\"heading.default\">\n\t\t\t\t<div class=\"elementor-widget-container\">\n\t\t\t\t\t<h2 class=\"elementor-heading-title elementor-size-default\">Penis B\u00fcy\u00fctme Ameliyat\u0131<\/h2>\t\t\t\t<\/div>\n\t\t\t\t<\/div>\n\t\t\t\t<\/div>\n\t\t<div class=\"elementor-element elementor-element-7fef12d e-con-full e-flex e-con e-child\" data-id=\"7fef12d\" data-element_type=\"container\" data-e-type=\"container\">\n\t\t\t\t<\/div>\n\t\t\t\t\t<\/div>\n\t\t\t\t<\/div>\n\t\t<div class=\"elementor-element elementor-element-a125dfa e-flex e-con-boxed e-con e-parent\" data-id=\"a125dfa\" data-element_type=\"container\" data-e-type=\"container\">\n\t\t\t\t\t<div class=\"e-con-inner\">\n\t\t\t\t<div class=\"elementor-element elementor-element-aef73d7 elementor-widget elementor-widget-text-editor\" data-id=\"aef73d7\" data-element_type=\"widget\" data-e-type=\"widget\" data-widget_type=\"text-editor.default\">\n\t\t\t\t<div class=\"elementor-widget-container\">\n\t\t\t\t\t\t\t\t\t<p><strong>Genetik fakt\u00f6rler, \u0131rksal \u00f6zellikler, anne karn\u0131nda veya ya\u015fam\u0131n ilk y\u0131llar\u0131nda yetersiz beslenme ve hormonal sorunlar neticesinde penis boyu ve penis kal\u0131nl\u0131\u011f\u0131 ki\u015fiden ki\u015fiye de\u011fi\u015febilmektedir. Ya\u015f\u0131n ilerlemesinin de penis boyu \u00fczerinde azalt\u0131c\u0131 bir fakt\u00f6r oldu\u011fu bilinmektedir. Penisin boyutu ve \u015fekli, bu organ\u0131n erkekler i\u00e7in bir g\u00fc\u00e7 simgesi olarak g\u00f6r\u00fclmesinin de etkisiyle davran\u0131\u015f bi\u00e7imlerini etkileyebilir. Nitekim cinsel kimli\u011fin ke\u015ffedilmeye ba\u015flanmas\u0131 ile bir\u00e7ok erkek penis boyutunu sorgulamakta ve beklentilerine yan\u0131t alamad\u0131klar\u0131nda hem fiziksel hem de psikolojik sorunlar ya\u015fayabilmektedir. Cinsel ili\u015fki s\u0131ras\u0131nda yeterince tatmin olamayan, partnerini cinsel anlamda tatmin edemeyen ya da tatmin edemedi\u011fini d\u00fc\u015f\u00fcnen; t\u00fcm bu olumsuzluklar neticesinde performans kayg\u0131s\u0131 ya\u015fay\u0131p erken bo\u015falma ve sertle\u015fme problemi gibi cinsel i\u015flev bozukluklar\u0131 ile kar\u015f\u0131la\u015fan erkek say\u0131s\u0131n\u0131n az\u0131msanamayacak denli fazla oldu\u011funu s\u00f6yleyebilirim. Penis uzunlu\u011funun ve penis \u00e7ap\u0131n\u0131n ideal \u00f6l\u00e7\u00fclerden az olmas\u0131 ya da penis ideal \u00f6l\u00e7\u00fclere sahip olsa da ki\u015fide kayg\u0131 yaratmas\u0131 halinde <\/strong><strong>penis b\u00fcy\u00fctme ameliyat\u0131 ile hem penisi uzatabiliyoruz hem de penis kal\u0131nla\u015ft\u0131rma i\u015flemi yapabiliyoruz. \u00dcstelik t\u00fcm de\u011fi\u015fimleri tek bir operasyonda, tek bir anesteziyle ger\u00e7ekle\u015ftirebiliyoruz.<\/strong><\/p><div class=\"col-xs-12 col-sm-6 about-img\">\u00a0<\/div><p><b>Penis b\u00fcy\u00fctme<\/b>\u00a0ameliyat\u0131 son y\u0131llarda giderek daha \u00e7ok tercih ediliyor, dolay\u0131s\u0131yla penis b\u00fcy\u00fctme hakk\u0131nda bir\u00e7ok soru ile kar\u015f\u0131la\u015f\u0131yorum.\u00a0\u201cPenis b\u00fcy\u00fctme ameliyat\u0131 nedir?\u201d,\u00a0\u201cKimler penis b\u00fcy\u00fctme ameliyat\u0131 olmal\u0131?\u201d\u00a0ya da\u00a0\u201cPenis b\u00fcy\u00fctme ameliyat\u0131 nas\u0131l yap\u0131l\u0131r?\u201d\u00a0gibi sorulara yan\u0131t verece\u011fim ancak \u00f6ncesinde bir\u00e7ok\u00a0<b>erkek<\/b>\u00a0taraf\u0131ndan merak edilen o me\u015fhur soruya odaklanmak istiyorum\u2026<\/p><h2>Normal Bir Penis B\u00fcy\u00fckl\u00fc\u011f\u00fc Ne Kadard\u0131r?<\/h2><p>\u00d6z\u00fcnde \u201c<b>normal<\/b>\u201d ya da \u201cideal\u201d penis boyu\u00a0kesin de\u011ferlerle s\u0131n\u0131rlanacak bir olgu de\u011fildir. Erkekler i\u00e7in idrar yapmay\u0131 zorla\u015ft\u0131rmama, cinsel i\u015flevleri yerine getirme ve partnerin de tatminini sa\u011flama fonksiyonlar\u0131na sahip penis boyutlar\u0131n\u0131n ideal olarak de\u011ferlendirildi\u011fini ifade edebilirim.<\/p><p>Elbette dahas\u0131 var\u2026\u00a0<\/p><p>S\u00fcrekli deneyimledi\u011fim \u00fczere \u201cideal penis boyu ne kadar olmal\u0131?\u201d sorusunun yan\u0131tlar\u0131 bir hayli merak ediliyor.\u00a0\u0130deal penis boyundan bahsedilirken yaln\u0131zca penis uzunlu\u011funa odaklan\u0131lmas\u0131 da do\u011fru bir yakla\u015f\u0131m olmaktan uzak.\u00a0Penis uzunlu\u011fu kadar penis \u00e7ap\u0131 da\u00a0<b>cinsel ili\u015fki<\/b>\u00a0s\u0131ras\u0131nda \u00e7iftlerin ald\u0131\u011f\u0131 hazz\u0131 do\u011frudan etkileyen bir kriter.\u00a0<\/p><p>&#8211; Ereksiyon halinde penis uzunlu\u011fu 13,12 cm,<\/p><p>&#8211; Ereksiyon halinde penis kal\u0131nl\u0131\u011f\u0131 ise 11,66 cm oldu\u011fu takdirde ideal veya normal de\u011ferlerden bahsetmi\u015f oluruz.<\/p><p>Haz\u0131r yeri gelmi\u015fken mikropenis ad\u0131 verilen t\u0131bbi durumdan da bahsetmek istiyorum. Penisin cinsel birle\u015fme ve cinsel tatmin i\u00e7in yeterli uzunlu\u011fa sahip olmamas\u0131 durumu mikropenis olarak adland\u0131r\u0131l\u0131r. Mikropenis\u00a0 genetik ve hormonal sorunlar\u0131n bir yans\u0131mas\u0131 olarak kar\u015f\u0131m\u0131za \u00e7\u0131kar. Ereksiyon halindeyken 9,3 cm ve daha k\u0131sa de\u011ferler mikropenis varl\u0131\u011f\u0131na i\u015faret eder.<\/p><p>\u0130deal penis boyutlar\u0131na sahip olmayan ya da sahip oldu\u011fu penis\u00a0standartlara oranla\u00a0<b>b\u00fcy\u00fck<\/b>\u00a0olsa dahi penis\u00a0boyutlar\u0131ndan memnun olmad\u0131\u011f\u0131 i\u00e7in performans kayg\u0131s\u0131 ba\u015fta olmak \u00fczere psikolojik anlamda sorun ya\u015fayan erkekler penis b\u00fcy\u00fctme ameliyat\u0131 ile\u00a0daha uzun ve daha kal\u0131n penislere sahip olabiliyor. B\u00f6ylece hem kendileri hem de partnerleri daha tatmin edici ve sa\u011fl\u0131kl\u0131 bir cinsel ya\u015fam ile bulu\u015fabiliyor.\u00a0<\/p><p>Peki nedir penis b\u00fcy\u00fctme ameliyat\u0131, nas\u0131l yap\u0131l\u0131r? Gelin birlikte detayl\u0131 bir \u015fekilde operasyonun derinliklerine inelim.<\/p><h2>Penis B\u00fcy\u00fctme Ameliyat\u0131 Nedir?<\/h2><p>Penisin uzunlu\u011funun ve kal\u0131nl\u0131\u011f\u0131n\u0131n art\u0131r\u0131ld\u0131\u011f\u0131 cerrahi, penis b\u00fcy\u00fctme ameliyat\u0131 olarak adland\u0131r\u0131l\u0131r. Penis b\u00fcy\u00fctme ameliyat\u0131 tan\u0131m\u0131ndan da anla\u015f\u0131ld\u0131\u011f\u0131 gibi bu operasyon kapsam\u0131nda penis uzatma, penis kal\u0131nla\u015ft\u0131rma ya da hem uzatma hem de kal\u0131nla\u015ft\u0131rma cerrahileri ger\u00e7ekle\u015ftirilebilir. Bu nedenle\u00a0\u201cpenis b\u00fcy\u00fctme ameliyat\u0131 nas\u0131l yap\u0131l\u0131r?\u201d\u00a0hakk\u0131ndaki soru i\u015faretlerini gidermek ad\u0131na\u00a0bu iki\u00a0ameliyat\u0131\u00a0ayr\u0131 ayr\u0131 ele almak istiyorum:\u00a0<\/p><ul><li><h3>Penis Uzatma Ameliyat\u0131\u00a0Nas\u0131l Yap\u0131l\u0131r?<\/h3><p>Penis boyu nedeniyle cinsel ili\u015fkiye giremeyen,\u00a0 cinsel ili\u015fki s\u0131ras\u0131nda hem kendisi hem de partneri tatmin olamayan ve penis boyu ile ilgili kayg\u0131 ya\u015fayan\u00a0erkekler penis uzatma ameliyat\u0131 ile penis boylar\u0131nda kal\u0131c\u0131 bir art\u0131\u015f ya\u015fayabilirler.\u00a0<\/p><p>Penis uzunlu\u011funu art\u0131rmak i\u00e7in uygulanabilecek herhangi bir ila\u00e7\u00a0<b>tedavisi<\/b>\u00a0ya da ameliyats\u0131z bir uygulama bulunmamaktad\u0131r.\u00a0Penis uzatmak i\u00e7in en s\u0131k kullan\u0131lan\u00a0<b>y\u00f6ntem<\/b>\u00a0penisi kar\u0131n duvar\u0131na ba\u011flayan as\u0131c\u0131 ba\u011f\u0131n\u00a0yani suspansatuvar ligamentin\u00a0%80 oran\u0131nda kesilerek penisin\u00a0<b>v\u00fccut<\/b>\u00a0i\u00e7erisinde kalan k\u0131sm\u0131n\u0131n serbest b\u0131rak\u0131lmas\u0131na dayanan cerrahi y\u00f6ntemdir.\u00a0<\/p><p>Suspansatuvar\u00a0 ligament adl\u0131 as\u0131c\u0131 ba\u011f, penisi kas\u0131k\u00a0kemi\u011fine ba\u011flar. Penis ile kas\u0131k kemi\u011fi aras\u0131ndaki bu ba\u011f,\u00a0penisin bir k\u0131sm\u0131n\u0131n v\u00fccut i\u00e7erisinde kalmas\u0131na yard\u0131mc\u0131 olur. Bu ba\u011f % 80 oran\u0131nda kesildi\u011finde penisin bir k\u0131sm\u0131n\u0131 v\u00fccut i\u00e7erisinde tutacak bir destek kalmad\u0131\u011f\u0131 i\u00e7in penis hem\u00a0inik\u00a0hem de ereksiyon halinde daha uzun hale getirilebilir.\u00a0<\/p><p>Bu noktada \u00f6nemli bir hat\u0131rlatma yapmak istiyorum\u2026<\/p><p><b>Penis uzatma\u00a0<\/b>ameliyat\u0131 sonras\u0131nda elde edilen uzaman\u0131n ereksiyon halinde de belli olabilmesi i\u00e7in hastalar\u0131n penis k\u00f6k\u00fcnde yani k\u0131llanman\u0131n yo\u011fun oldu\u011fu b\u00f6lgede \u00e7ok fazla\u00a0<b>ya\u011f<\/b>\u00a0birikiminin olmamas\u0131 ve operasyon\u00a0<b>sonras\u0131<\/b>\u00a0\u00f6nerilen egzersizlerin hastalar taraf\u0131ndan ihmal edilmeden yap\u0131lmas\u0131 gerekiyor.<\/p><p>Ki\u015fiden ki\u015fiye de\u011fi\u015fmekle birlikte penis uzatma cerrahisi sayesinde hastalar\u0131m\u0131z\u0131n penis boyunda 3-4 cm art\u0131\u015f elde edebiliyoruz. Bu art\u0131\u015f,\u00a0<b>ameliyat<\/b>\u00a0sonras\u0131 s\u00fcre\u00e7te \u00f6nerilen egzersizlerin aksat\u0131lmadan yap\u0131lmas\u0131 halinde\u00a0kal\u0131c\u0131 nitelik ta\u015f\u0131yor. Yine de ya\u015f\u0131n ilerlemesine ba\u011fl\u0131 olarak penis anatomisinde ya\u015fanan de\u011fi\u015fimler nedeniyle bir miktar k\u0131salma ile kar\u015f\u0131la\u015f\u0131labilir. Bu durumun\u00a0penis uzatma\u00a0ameliyat\u0131\u00a0ile bir ilgisi bulunmamaktad\u0131r.\u00a0\u00a0<\/p><\/li><li><h3>Penis Kal\u0131nla\u015ft\u0131rma Ameliyat\u0131\u00a0Nas\u0131l Yap\u0131l\u0131r?<\/h3><p>Penis b\u00fcy\u00fctme\u00a0ameliyat\u0131 kapsam\u0131nda ger\u00e7ekle\u015ftirilen bir di\u011fer\u00a0<b>operasyon<\/b>\u00a0da penis kal\u0131nla\u015ft\u0131rma cerrahisidir. Penis kal\u0131nl\u0131\u011f\u0131 ile cinsel tatmin aras\u0131nda \u00f6nemli bir ba\u011flant\u0131 bulunur. Cinsel ili\u015fki s\u0131ras\u0131nda penisin vajinal duvarlara yapt\u0131\u011f\u0131 bask\u0131 hem erkek hem de kad\u0131n i\u00e7in cinsel ili\u015fkinin tatminle sonu\u00e7lanmas\u0131n\u0131 sa\u011flar. Bu nedenle penis uzunlu\u011fu kadar penis kal\u0131nl\u0131\u011f\u0131n\u0131n da \u00f6nemli bir de\u011fi\u015fken oldu\u011fu ger\u00e7e\u011fini g\u00f6z ard\u0131 etmem m\u00fcmk\u00fcn de\u011fildir.\u00a0<\/p><p><b>Penis kal\u0131nla\u015ft\u0131rma<\/b>\u00a0ameliyat\u0131 s\u0131ras\u0131nda hastalar\u0131m\u0131z\u0131n kar\u0131n \u00f6n duvar\u0131 cilt alt\u0131ndan\u00a0\u00f6zel enjekt\u00f6rler yard\u0131m\u0131 ile cilde kesi yapmadan\u00a0ald\u0131\u011f\u0131m\u0131z ya\u011flar\u0131\u00a0\u00f6zel bir tak\u0131m filtreleme i\u015flemlerinden\u00a0 ge\u00e7iriyoruz.\u00a0Elde etti\u011fimiz ya\u011f\u0131 ise penis kal\u0131nla\u015ft\u0131rma i\u00e7in haz\u0131rlad\u0131\u011f\u0131m\u0131z\u00a0penisin cilt alt\u0131 b\u00f6lgesine\u00a0<b>enjekte<\/b>\u00a0ediyoruz.<\/p><p>Penise\u00a0<b>ya\u011f enjeksiyonu<\/b>\u00a0olarak da adland\u0131r\u0131labilen penis kal\u0131nla\u015ft\u0131rma ameliyat\u0131, penis uzatma ameliyat\u0131ndan farkl\u0131 olarak \u00f6m\u00fcr boyu kal\u0131c\u0131l\u0131k niteli\u011fi ta\u015f\u0131m\u0131yor. Penis cildi alt\u0131na enjekte edilen ya\u011f dokusunun %50\u2019si ortalama 1-3 y\u0131l i\u00e7erisinde v\u00fccut taraf\u0131ndan emildi\u011finden penis eski haline yak\u0131n bir g\u00f6r\u00fcnt\u00fcye geri d\u00f6nebiliyor. \u00a0Gen\u00e7 hastalarda bu s\u00fcrede art\u0131\u015f ya\u015fanmas\u0131 da m\u00fcmk\u00fcn.\u00a0Ancak\u00a0<b>i\u015flem<\/b>\u00a0g\u00fcvenli ve cinsel olarak aktif olunan d\u00f6nemde iki enjeksiyon aras\u0131 6 ay olmak kayd\u0131yla\u00a0tekrar edilebilir. \u00dcstelik\u00a0<b>dolgu<\/b>\u00a0ile\u00a0ameliyats\u0131z penis kal\u0131nla\u015ft\u0131rma y\u00f6ntemlerine de sonras\u0131nda ba\u015fvurulabilir.\u00a0<\/p><p>Penis b\u00fcy\u00fctme ameliyat\u0131 kapsam\u0131nda uygulad\u0131\u011f\u0131m\u0131z cerrahileri tan\u0131tt\u0131ktan sonra \u201cpenis b\u00fcy\u00fctme ameliyat\u0131nda hangi anestezi kullan\u0131lmal\u0131, penis b\u00fcy\u00fctme ameliyat\u0131 ka\u00e7 saat s\u00fcr\u00fcyor?\u201d gibi\u00a0sorular\u00a0\u00f6zelinde de bilgi aktarmak istiyorum.<\/p><\/li><\/ul><h2>Penis B\u00fcy\u00fctme Ameliyat\u0131nda Hangi Anestezi Kullan\u0131lmal\u0131?<\/h2><p>\u00a0Penis b\u00fcy\u00fctme ameliyat\u0131 \u00f6ncesinde hastalar\u0131m\u0131z i\u00e7in en uygun anestezi y\u00f6ntemini\u00a0beraberce kararla\u015ft\u0131r\u0131yoruz.\u00a0<b>Genel anestezi<\/b>\u00a0ile yap\u0131labilen bu operasyon i\u00e7in biz genellikle spinal anestezi\u00a0<b>tercih<\/b>\u00a0ediyoruz, operasyon s\u0131ras\u0131nda hasta sadece belden a\u015fa\u011f\u0131s\u0131n\u0131 ge\u00e7ici s\u00fcreyle hissetmiyor.\u00a0Ameliyat esnas\u0131nda bizlerle sohbet edebilir, m\u00fczik dinleyebilir veya kendi iste\u011fiyle uyuyabilir.<\/p><h2>Penis B\u00fcy\u00fctme Ameliyat\u0131 Ka\u00e7 Saat S\u00fcr\u00fcyor?<\/h2><p>\u00a0Penis b\u00fcy\u00fctme ameliyat\u0131; penis uzatma ve\u00a0penis\u00a0kal\u0131nla\u015ft\u0131rma operasyonlar\u0131 e\u015f zamanl\u0131 ger\u00e7ekle\u015ftirildi\u011fi takdirde 2-3 saatte tamamlan\u0131yor. Olduk\u00e7a konforlu bir nitelik ta\u015f\u0131yan cerrahilerin ard\u0131ndan\u00a0<b>hasta<\/b>\u00a0bir g\u00fcn hastanede yatt\u0131ktan sonra ertesi g\u00fcn y\u00fcr\u00fcyerek taburcu olabiliyor.<\/p><p>Buraya kadar her \u015fey net, peki kimler penis b\u00fcy\u00fctme ameliyat\u0131 olmal\u0131 ya da kimler penis b\u00fcy\u00fctme ameliyat\u0131 i\u00e7in uygun aday kabul ediliyor?<\/p><h2>Kimler Penis B\u00fcy\u00fctme Ameliyat\u0131 Olmal\u0131?<\/h2><p>\u00a0Penis b\u00fcy\u00fctme ameliyat\u0131 salt\u00a0<b>penis esteti\u011fi<\/b>\u00a0kapsam\u0131nda de\u011ferlendirilemez. Baz\u0131 erkekler penis k\u0131sal\u0131\u011f\u0131\u00a0ve\/veya\u00a0penis inceli\u011fi\u00a0nedeniyle\u00a0fizyolojik ya da psikolojik\u00a0sorunlar ya\u015fayabiliyor. Cinsel ili\u015fkide hem kendileri tatmin olam\u0131yor hem de e\u015fleri. Bu durum aile ili\u015fkilerine zarar veriyor ve erkeklerde performans\u00a0kayg\u0131s\u0131 ortaya \u00e7\u0131k\u0131yor.\u00a0Performans kayg\u0131s\u0131 da erken bo\u015falma ve sertle\u015fme sorunu gibi cinsel i\u015flev bozukluklar\u0131n\u0131n olu\u015fmas\u0131na yol a\u00e7abiliyor.<\/p><p>Dolay\u0131s\u0131yla\u00a0penis b\u00fcy\u00fctme ameliyat\u0131 erkek hasta taraf\u0131ndan da partneri taraf\u0131ndan da talep edilebiliyor.\u00a0Penis b\u00fcy\u00fctme ameliyat\u0131 genel olarak bir\u00e7ok erke\u011fe uygulanabilse de\u00a0operasyon i\u00e7in\u00a0temel baz\u0131\u00a0uygunluk\u00a0kriterlerinden bahsedebilirim.<\/p><p>Penis b\u00fcy\u00fctme ameliyatlar\u0131;<\/p><p>&#8211; Penis b\u00fcy\u00fctme ameliyatlar\u0131 kapsam\u0131nda ger\u00e7ekle\u015ftirilen penis uzatma ve penis kal\u0131nla\u015ft\u0131rma ile ilgili ger\u00e7ek\u00e7i beklentileri olan,<\/p><p>&#8211; Cinsel ili\u015fki s\u0131ras\u0131nda penis boyutlar\u0131 nedeniyle yeterince tatmin olamayan,<\/p><p>&#8211; Penis boyundan memnun olmayan ve \u00f6z g\u00fcven sorunlar\u0131 ya\u015fayan erkekler i\u00e7in uygulanabilir.<\/p><h2>Son S\u00f6z\u2026<\/h2><p>Cinsel ili\u015fki s\u0131ras\u0131nda tatmin olan ve partnerini de tatmin eden erkeklerin \u201ckendi\u201d ideal penis boyutlar\u0131na sahip oldu\u011funu s\u00f6yleyebilirim. Ancak her zaman, her erkek benzer tatminleri ya\u015fayam\u0131yor. G\u00fcn\u00fcm\u00fczde gerek anestezi gerek\u00a0<b>cerrahi<\/b> tekniklerin sundu\u011fu avantajlar sayesinde penis b\u00fcy\u00fctme ameliyat\u0131 konforlu bir \u015fekilde tamamlan\u0131yor.\u00a0<b>Ameliyat sonras\u0131<\/b>\u00a0cinsel ya\u015fam kalitesi artarken erkekler i\u00e7in daha \u00f6z g\u00fcvenli bir s\u00fcre\u00e7 de ba\u015flam\u0131\u015f oluyor. Elbette her zamanki gibi do\u011fru hasta se\u00e7imi ve cerrahi deneyim \u00f6nemli de\u011fi\u015fkenler. Bu nedenle penis\u00a0<b>b\u00fcy\u00fctme<\/b>\u00a0operasyonu ve operasyonu ger\u00e7ekle\u015ftirecek \u00fcroloji ve androloji uzman\u0131 karar\u0131 verilirken titizlikle davran\u0131lmas\u0131 gerekiyor.<\/p>\t\t\t\t\t\t\t\t<\/div>\n\t\t\t\t<\/div>\n\t\t\t\t\t<\/div>\n\t\t\t\t<\/div>\n\t\t\t\t<\/div>\n\t\t","protected":false},"excerpt":{"rendered":"<p>Penis B\u00fcy\u00fctme Ameliyat\u0131 Genetik fakt\u00f6rler, \u0131rksal \u00f6zellikler, anne karn\u0131nda veya ya\u015fam\u0131n ilk y\u0131llar\u0131nda yetersiz beslenme ve hormonal sorunlar neticesinde penis boyu ve penis kal\u0131nl\u0131\u011f\u0131 ki\u015fiden ki\u015fiye de\u011fi\u015febilmektedir. Ya\u015f\u0131n ilerlemesinin de penis boyu \u00fczerinde azalt\u0131c\u0131 bir fakt\u00f6r oldu\u011fu bilinmektedir. Penisin boyutu ve \u015fekli, bu organ\u0131n erkekler i\u00e7in bir g\u00fc\u00e7 simgesi olarak g\u00f6r\u00fclmesinin de etkisiyle davran\u0131\u015f bi\u00e7imlerini [&hellip;]<\/p>\n","protected":false},"author":1,"featured_media":0,"parent":0,"menu_order":0,"comment_status":"closed","ping_status":"closed","template":"","meta":{"footnotes":""},"class_list":["post-1243","page","type-page","status-publish","hentry"],"_links":{"self":[{"href":"https:\/\/alperbasakci.com\/index.php\/wp-json\/wp\/v2\/pages\/1243","targetHints":{"allow":["GET"]}}],"collection":[{"href":"https:\/\/alperbasakci.com\/index.php\/wp-json\/wp\/v2\/pages"}],"about":[{"href":"https:\/\/alperbasakci.com\/index.php\/wp-json\/wp\/v2\/types\/page"}],"author":[{"embeddable":true,"href":"https:\/\/alperbasakci.com\/index.php\/wp-json\/wp\/v2\/users\/1"}],"replies":[{"embeddable":true,"href":"https:\/\/alperbasakci.com\/index.php\/wp-json\/wp\/v2\/comments?post=1243"}],"version-history":[{"count":7,"href":"https:\/\/alperbasakci.com\/index.php\/wp-json\/wp\/v2\/pages\/1243\/revisions"}],"predecessor-version":[{"id":1250,"href":"https:\/\/alperbasakci.com\/index.php\/wp-json\/wp\/v2\/pages\/1243\/revisions\/1250"}],"wp:attachment":[{"href":"https:\/\/alperbasakci.com\/index.php\/wp-json\/wp\/v2\/media?parent=1243"}],"curies":[{"name":"wp","href":"https:\/\/api.w.org\/{rel}","templated":true}]}}