{"id":1220,"date":"2024-07-25T09:41:06","date_gmt":"2024-07-25T09:41:06","guid":{"rendered":"https:\/\/alperbasakci.com\/?page_id=1220"},"modified":"2024-07-25T10:15:37","modified_gmt":"2024-07-25T10:15:37","slug":"erken-bosalma-problemi","status":"publish","type":"page","link":"https:\/\/alperbasakci.com\/index.php\/erken-bosalma-problemi\/","title":{"rendered":"Erken Bo\u015falma Problemi"},"content":{"rendered":"\t\t<div data-elementor-type=\"wp-page\" data-elementor-id=\"1220\" class=\"elementor elementor-1220\">\n\t\t\t\t<div class=\"elementor-element elementor-element-1c99be0 e-flex e-con-boxed e-con e-parent\" data-id=\"1c99be0\" data-element_type=\"container\" data-e-type=\"container\">\n\t\t\t\t\t<div class=\"e-con-inner\">\n\t\t<div class=\"elementor-element elementor-element-52534aa e-con-full e-flex e-con e-child\" data-id=\"52534aa\" data-element_type=\"container\" data-e-type=\"container\">\n\t\t\t\t<\/div>\n\t\t<div class=\"elementor-element elementor-element-38db1f8 e-con-full e-flex e-con e-child\" data-id=\"38db1f8\" data-element_type=\"container\" data-e-type=\"container\">\n\t\t\t\t<div class=\"elementor-element elementor-element-4304e88 elementor-widget elementor-widget-heading\" data-id=\"4304e88\" data-element_type=\"widget\" data-e-type=\"widget\" data-widget_type=\"heading.default\">\n\t\t\t\t<div class=\"elementor-widget-container\">\n\t\t\t\t\t<h2 class=\"elementor-heading-title elementor-size-default\">\nErken Bo\u015falma ve Tedavisi<\/h2>\t\t\t\t<\/div>\n\t\t\t\t<\/div>\n\t\t\t\t<\/div>\n\t\t<div class=\"elementor-element elementor-element-7fef12d e-con-full e-flex e-con e-child\" data-id=\"7fef12d\" data-element_type=\"container\" data-e-type=\"container\">\n\t\t\t\t<\/div>\n\t\t\t\t\t<\/div>\n\t\t\t\t<\/div>\n\t\t<div class=\"elementor-element elementor-element-ea12cbc e-flex e-con-boxed e-con e-parent\" data-id=\"ea12cbc\" data-element_type=\"container\" data-e-type=\"container\">\n\t\t\t\t\t<div class=\"e-con-inner\">\n\t\t<div class=\"elementor-element elementor-element-9feec9b e-con-full e-flex e-con e-child\" data-id=\"9feec9b\" data-element_type=\"container\" data-e-type=\"container\">\n\t\t\t\t<div class=\"elementor-element elementor-element-1d307fd elementor-widget elementor-widget-image\" data-id=\"1d307fd\" data-element_type=\"widget\" data-e-type=\"widget\" data-widget_type=\"image.default\">\n\t\t\t\t<div class=\"elementor-widget-container\">\n\t\t\t\t\t\t\t\t\t\t\t\t\t\t\t<img fetchpriority=\"high\" decoding=\"async\" width=\"1000\" height=\"667\" src=\"https:\/\/alperbasakci.com\/wp-content\/uploads\/2024\/07\/erkeklerde-bosalma-sorunlari.jpg\" class=\"attachment-large size-large wp-image-1109\" alt=\"\" srcset=\"https:\/\/alperbasakci.com\/wp-content\/uploads\/2024\/07\/erkeklerde-bosalma-sorunlari.jpg 1000w, https:\/\/alperbasakci.com\/wp-content\/uploads\/2024\/07\/erkeklerde-bosalma-sorunlari-300x200.jpg 300w, https:\/\/alperbasakci.com\/wp-content\/uploads\/2024\/07\/erkeklerde-bosalma-sorunlari-768x512.jpg 768w\" sizes=\"(max-width: 1000px) 100vw, 1000px\" \/>\t\t\t\t\t\t\t\t\t\t\t\t\t\t\t<\/div>\n\t\t\t\t<\/div>\n\t\t\t\t<\/div>\n\t\t<div class=\"elementor-element elementor-element-d94a744 e-con-full e-flex e-con e-child\" data-id=\"d94a744\" data-element_type=\"container\" data-e-type=\"container\">\n\t\t\t\t<div class=\"elementor-element elementor-element-9e9cb93 elementor-widget elementor-widget-text-editor\" data-id=\"9e9cb93\" data-element_type=\"widget\" data-e-type=\"widget\" data-widget_type=\"text-editor.default\">\n\t\t\t\t<div class=\"elementor-widget-container\">\n\t\t\t\t\t\t\t\t\t<h2 style=\"caret-color: #000000; color: #000000;\"><b>Erken Bo\u015falma Problemi<\/b><\/h2><p style=\"caret-color: #000000; color: #000000;\"><strong>Erken bo\u015falma\u00a0<\/strong>problemi ya\u015f\u0131yorsan\u0131z, yaln\u0131z de\u011filsiniz. D\u00fcnya genelindeki erkeklerde en s\u0131k g\u00f6r\u00fclen cinsel i\u015flev bozuklu\u011fu olma niteli\u011fi ta\u015f\u0131yan erken bo\u015falma yani \u201cpremat\u00fcr ejak\u00fclasyon\u201d bir\u00e7ok farkl\u0131 nedenle ortaya \u00e7\u0131kabiliyor. Kimi zaman strese maruz kal\u0131nmas\u0131 ile d\u00f6nemsel olarak kar\u015f\u0131la\u015f\u0131lan erken bo\u015falma, kimi zaman kronik hale gelen bir cinsel i\u015flev bozuklu\u011fu olarak \u00e7iftlerin ya\u015fant\u0131s\u0131n\u0131 etkiliyor.\u00a0<\/p><p style=\"caret-color: #000000; color: #000000;\">\u00dcstelik bu denli\u00a0<b>stres<\/b>\u00a0yaratan, \u00f6z g\u00fcveni azaltan, ili\u015fkilerde ileti\u015fim sorunlar\u0131 ortaya \u00e7\u0131kar\u0131p bo\u015fanma nedenine dahi d\u00f6n\u00fc\u015febilen bu fonksiyon bozuklu\u011funun y\u00f6netilebilmesi m\u00fcmk\u00fcn! Ancak hakk\u0131ndaki mitler o denli yayg\u0131n ki, do\u011fru ad\u0131m at\u0131lmas\u0131 zorla\u015f\u0131yor.\u00a0<\/p><p style=\"caret-color: #000000; color: #000000;\">Peki nedir tam olarak \u201c<b>erken bo\u015falma<\/b>\u201d olarak tan\u0131mlad\u0131\u011f\u0131m\u0131z bu cinsel i\u015flev bozuklu\u011fu? Yo\u011fun ve stresli bir g\u00fcn\u00fcn ard\u0131ndan erken bo\u015falmak, tedavi gerektiren bir durum mudur? Gelin detaylara birlikte bakal\u0131m\u2026<\/p><h2 style=\"caret-color: #000000; color: #000000;\"><b>Erken Bo\u015falma Problemi Nedir?<\/b><\/h2><p style=\"caret-color: #000000; color: #000000;\">\u201cErken bo\u015falma nedir?\u201d a\u00e7\u0131klamas\u0131ndan \u00f6nce \u201cbo\u015falma nedir ve nas\u0131l olu\u015fur?\u201d hakk\u0131nda k\u0131sa bir bilgi aktarmak istiyorum.<\/p><p style=\"caret-color: #000000; color: #000000;\">Bir\u00a0<b>erkek<\/b>\u00a0cinsel olarak uyar\u0131ld\u0131\u011f\u0131nda, beyin sinyalleri omurilikteki sinirler taraf\u0131ndan genital b\u00f6lgeye ta\u015f\u0131n\u0131r. Bu sinyaller pelvik kaslar\u0131n ritmik olarak kas\u0131lmas\u0131n\u0131 sa\u011flar. Ritmik kas\u0131lmalar\u0131n ba\u015flamas\u0131 ile birlikte spermler, testislerden vas deferans ad\u0131 verilen ana sperm iletim kanal\u0131na do\u011fru yol al\u0131r. Bu yolculuk s\u0131ras\u0131nda spermlerin korunmas\u0131 i\u00e7in seminel vezik\u00fcller ve prostat bezi taraf\u0131ndan salg\u0131lanan s\u0131v\u0131larla sperm birle\u015ferek meni ya da semen ad\u0131 verdi\u011fimiz s\u0131v\u0131y\u0131 olu\u015fturur. Meninin cinsel hazza eri\u015ftikten sonra v\u00fccut d\u0131\u015far\u0131s\u0131na at\u0131lmas\u0131n\u0131 \u201cbo\u015falma\u201d veya \u201cejak\u00fclasyon\u201d olarak adland\u0131r\u0131yoruz.<\/p><p style=\"caret-color: #000000; color: #000000;\">Cinsel birle\u015fme ger\u00e7ekle\u015fmeden ya da cinsel ili\u015fkiye girildikten hemen sonra, erke\u011fin iste\u011fi d\u0131\u015f\u0131nda kontrols\u00fcz ve tekrarlay\u0131c\u0131 bir \u015fekilde meydana gelen bo\u015falma durumunu ise \u201cerken bo\u015falma\u201d olarak tan\u0131ml\u0131yoruz.\u00a0<\/p><p style=\"caret-color: #000000; color: #000000;\">T\u0131bbi olarak\u00a0<b>premat\u00fcr ejak\u00fclasyon<\/b>\u00a0olarak da ifade etti\u011fimiz bu cinsel fonksiyon bozuklu\u011fu tan\u0131m\u0131nda baz\u0131 s\u00fcbjektif ve baz\u0131 objektif kriterler bulunur. \u00d6rne\u011fin \u201ccinsel ili\u015fkiye girildikten hemen sonra\u201d vurgusu belirsiz bir s\u00fcre alg\u0131s\u0131 yarat\u0131r. Ancak konuya bilimsel yakla\u015fmam\u0131z gerekti\u011finde bu s\u00fcrenin yakla\u015f\u0131k 1 dakika olarak belirlendi\u011fini s\u00f6yleyebiliriz.\u00a0<\/p><p style=\"caret-color: #000000; color: #000000;\">Cinsel birlikteliklerin temel amac\u0131 hem\u00a0<b>kad\u0131n<\/b>\u00a0hem de erkek i\u00e7in tatmin edici bir deneyim ya\u015fanmas\u0131d\u0131r. Dolay\u0131s\u0131yla erken bo\u015falman\u0131n salt 1 dakikadan k\u0131sa s\u00fcren cinsel ili\u015fkilerle ba\u011fda\u015ft\u0131r\u0131lmas\u0131 \u00e7ok do\u011fru bir yakla\u015f\u0131m olmayacakt\u0131r. Partnerin de cinsel tatmine eri\u015fmesi gerekir. Bu gereklilik erke\u011fin cinsel partneri doyuma ula\u015fmadan bo\u015falmas\u0131n\u0131 da erken bo\u015falma kriterlerinin bir par\u00e7as\u0131 haline getirir.<\/p><p style=\"caret-color: #000000; color: #000000;\"><b>Erken bo\u015falma problemi<\/b>\u00a0baz\u0131 erkeklerde cinsel olgunlu\u011fa eri\u015fildikten itibaren g\u00f6r\u00fcl\u00fcrken \u00e7o\u011funlukla cinsel olarak aktif olunan\u00a0<b>zaman<\/b>\u00a0diliminde, sonradan ortaya \u00e7\u0131kabiliyor. Bu farkl\u0131l\u0131k erken bo\u015falma sorununun iki ayr\u0131 t\u00fcre ayr\u0131lmas\u0131 ile sonu\u00e7lan\u0131yor.\u00a0<\/p><h2 style=\"caret-color: #000000; color: #000000;\"><b>Erken Bo\u015falman\u0131n \u00c7e\u015fitleri Nelerdir?<\/b><\/h2><p style=\"caret-color: #000000; color: #000000;\">Erken bo\u015falma t\u00fcrleri temel olarak \u201cPrimer\u201d yani do\u011fu\u015ftan ve \u201cSekonder\u201d yani sonradan edinilen \u015feklinde iki ana kategoride incelenir.\u00a0<\/p><ul style=\"caret-color: #000000; color: #000000;\"><li><h3><b>Primer (Ya\u015fam Boyu Devam Eden, Birincil) Erken Bo\u015falma<\/b><\/h3><p>Cinsel olgunlu\u011fa eri\u015fildi\u011fi, ilk cinsel aktivite itibar\u0131yla g\u00f6zlenen ve hayat\u00a0<b>boyu<\/b>\u00a0devam eden erken bo\u015falma t\u00fcr\u00fcd\u00fcr. G\u00f6r\u00fclme s\u0131kl\u0131\u011f\u0131, bu cinsel fonksiyon bozuklu\u011funun sonradan edinilen t\u00fcr\u00fcne oranla daha azd\u0131r. Genellikle hormonal sorunlar neticesinde g\u00f6zlemlenir.\u00a0<\/p><\/li><li><h3><b>Sekonder (Sonradan Edinilen, \u0130kincil) Erken Bo\u015falma<\/b><\/h3><p>\u0130kincil erken bo\u015falma t\u00fcr\u00fcnde cinsel fonksiyon sorunlar\u0131 ya\u015fam\u0131n ilerleyen d\u00f6nemlerinde ortaya \u00e7\u0131kar. Cinsel fonksiyon sorunu ya\u015famayan erkekler psikolojik ve\/veya fizyolojik nedenlerle erken bo\u015falma ile kar\u015f\u0131la\u015fabilirler. Bu t\u00fcr en yayg\u0131n g\u00f6r\u00fclen t\u00fcrd\u00fcr.<\/p><p>Erken bo\u015falma t\u00fcrleri aras\u0131ndaki farkl\u0131l\u0131\u011f\u0131n merkezinde erken bo\u015falmaya yol a\u00e7an fakt\u00f6rlerin \u00e7e\u015fitlili\u011fi vard\u0131r. O zaman \u015fimdi, nedenlere de\u011finelim\u2026<\/p><\/li><\/ul><h2 style=\"caret-color: #000000; color: #000000;\"><b>Erken Bo\u015falma Nedenleri Nelerdir?<\/b><\/h2><p style=\"caret-color: #000000; color: #000000;\">Ge\u00e7mi\u015f d\u00f6nemde premat\u00fcr ejak\u00fclasyon nedenlerinin yaln\u0131zca\u00a0<b>psikolojik<\/b>\u00a0oldu\u011fu y\u00f6n\u00fcnde bir kan\u0131 hakimdi. Ancak g\u00fcn\u00fcm\u00fczde fiziksel, kimyasal ve psikolojik fakt\u00f6rlerin bo\u015falma sorununa yol a\u00e7abildi\u011fi bilinmektedir.\u00a0<\/p><ul style=\"caret-color: #000000; color: #000000;\"><li>Altta yatan\u00a0<b>sertle\u015fme<\/b>\u00a0probleminin varl\u0131\u011f\u0131,\u00a0<\/li><li>Oksitosin, luteinize edici hormon, prolaktin ve tiroit uyar\u0131c\u0131 hormon d\u00fczensizlikleri,<\/li><li><b>Prostat<\/b>\u00a0ve idrar yolu iltihab\u0131,<\/li><li>Cinsel yolla bula\u015fan hastal\u0131klar,<\/li><li>Serotonin, dopamin ve beyinde cinsel istek art\u0131ran kimyasallar\u0131n azl\u0131\u011f\u0131,\u00a0<\/li><li><b>A\u015f\u0131r\u0131 duyarl\u0131<\/b>\u00a0penis,<\/li><li>Hatal\u0131 s\u00fcnnet cerrahisi,<\/li><li>Performans kayg\u0131s\u0131,\u00a0<b>a\u015f\u0131r\u0131 heyecan<\/b>, cinselli\u011fe y\u00fcklenen anlam, cinsellikle ilgili k\u00f6t\u00fc deneyimler,<\/li><li>\u0130li\u015fkilerdeki problemler,<\/li><li>Depresyon gibi nedenlerle erkeklerde premat\u00fcr ejak\u00fclasyon meydana gelebilir.\u00a0<\/li><\/ul><p style=\"caret-color: #000000; color: #000000;\">Erken bo\u015falma toplumumuzda da d\u00fcnya genelinde de s\u0131kl\u0131kla g\u00f6r\u00fclse de her zaman tedavi gerektirmeyebilir ve hatta ya\u015fanan bu deneyim, cinsel i\u015flev bozuklu\u011fu olarak de\u011ferlendirilmeyebilir. \u00d6rne\u011fin, yo\u011fun ve stresli bir g\u00fcn\u00fcn ard\u0131ndan ya da uzun s\u00fcredir cinsel ili\u015fkiye girilmedi\u011fi i\u00e7in birliktelik esnas\u0131nda h\u0131zl\u0131 bo\u015falma olduk\u00e7a normal kabul ediliyor. Erken bo\u015falman\u0131n s\u0131kl\u0131\u011f\u0131, ne kadar s\u00fcredir deneyimlendi\u011fi ve hangi \u015fartlarda ger\u00e7ekle\u015fti\u011fi gibi de\u011fi\u015fkenler bir erkekte cinsel fonksiyon bozuklu\u011fu tan\u0131s\u0131n\u0131 \u015fekillendirebiliyor. Bu bilgi de bizi premat\u00fcr ejak\u00fclasyon belirtileri konusuna getiriyor.<\/p><h2 style=\"caret-color: #000000; color: #000000;\"><b>Erken Bo\u015falma Belirtileri Nelerdir?<\/b><\/h2><p style=\"caret-color: #000000; color: #000000;\">Ya\u015fanan erkek kaynakl\u0131 cinsel sorunlar\u0131n \u201cpremat\u00fcre ejak\u00fclasyon\u201d olarak tan\u0131mlanabilmesi i\u00e7in \u00fc\u00e7 kriterin varl\u0131\u011f\u0131 gerekir.<\/p><ul style=\"caret-color: #000000; color: #000000;\"><li>Ki\u015fi neredeyse her defas\u0131nda, cinsel penetrasyon \u00f6ncesi veya hemen sonras\u0131ndaki ilk bir dakika i\u00e7erisinde,<\/li><li>Geciktirilemez, engellenemez \u015fekilde bo\u015fal\u0131yorsa ve<\/li><li>Ya\u015fad\u0131\u011f\u0131 kronik ba\u015far\u0131s\u0131zl\u0131k hissi nedeniyle cinsel ili\u015fkiden ka\u00e7\u0131nmaya ba\u015flad\u0131ysa erken bo\u015falma belirtilerinin varl\u0131\u011f\u0131 g\u00fcndeme gelir.\u00a0<\/li><\/ul><p style=\"caret-color: #000000; color: #000000;\">Partnerle olan ili\u015fkiye g\u00fcven azalmas\u0131, ileti\u015fim zorluklar\u0131, endi\u015fe, depresyon ve utan\u00e7 gibi psikolojik belirtiler hem erkekte hem de kad\u0131nda ortaya \u00e7\u0131kabilir. Erkek cinsel i\u015flev bozukluklar\u0131 aras\u0131nda yer alsa da erken bo\u015falma sadece erke\u011fi etkilemez, \u00e7iftlerin ili\u015fkisine ve ileti\u015fimine zarar verebilir. Benzer \u015fikayetleri olan \u00e7iftlerin yap\u0131c\u0131 bir yakla\u015f\u0131mla tedavi se\u00e7eneklerine ba\u015fvurmas\u0131 \u00f6nemlidir.\u00a0<\/p><p style=\"caret-color: #000000; color: #000000;\">Erken bo\u015falma utan\u0131lacak ya da tedavisi m\u00fcmk\u00fcn olmayan bir\u00a0<b>sorun<\/b>\u00a0de\u011fildir, aksine; tedavi edildi\u011fi takdirde kontrol edilebilir ve\u00a0<b>cinsel ili\u015fki<\/b>\u00a0s\u00fcresi uzat\u0131labilir. Tedavi s\u00fcrecine ge\u00e7ilmezse, cinsel ya\u015fam ve aile hayat\u0131 \u00fczerinde olumsuz etkileri olabilir. Do\u011fru bir tedavi planlamas\u0131n\u0131n yap\u0131labilmesi i\u00e7in de te\u015fhis do\u011frulu\u011fu kritik derecede \u00f6nemlidir.<\/p><h2 style=\"caret-color: #000000; color: #000000;\"><b>Erken Bo\u015falma Te\u015fhisi Nas\u0131l Konulur?<\/b><\/h2><p style=\"caret-color: #000000; color: #000000;\">Yakla\u015f\u0131k 6 ayl\u0131k s\u00fcre zarf\u0131nda, s\u0131kl\u0131kla\u00a0<b>erken bo\u015falma sorunu<\/b>\u00a0ya\u015fayan ve bu nedenle hem bireysel hem de ili\u015fki ile ilgili kayg\u0131lar ya\u015famaya ba\u015flayan erkeklerin \u00fcroloji ve androloji uzmanlar\u0131nca muayene edilmesi gerekir. Hekimler bu sorunun ne zamand\u0131r, hangi ko\u015fullar alt\u0131nda, ne s\u0131kl\u0131kla ya\u015fand\u0131\u011f\u0131na dair hastal\u0131k \u00f6yk\u00fcs\u00fcn\u00fc al\u0131rlar. Bu noktada hastalar\u0131n do\u011fru te\u015fhis ve do\u011fru bir planlama\u00a0<b>s\u00fcreci<\/b>\u00a0ad\u0131na t\u00fcm sorulara eksiksiz ve net yan\u0131tlar vermeleri gerekir. Muayene esnas\u0131nda hastan\u0131n genel\u00a0<b>sa\u011fl\u0131k<\/b>\u00a0durumu, kulland\u0131\u011f\u0131 ila\u00e7 veya takviyelerin varl\u0131\u011f\u0131 ve ya\u015fam al\u0131\u015fkanl\u0131klar\u0131 hakk\u0131nda da bilgi edinilir. Erken bo\u015falma nedeni olarak t\u0131bbi bir durumdan \u015f\u00fcphelenildi\u011fi takdirde laboratuvar testlerine de ba\u015fvurulmas\u0131 m\u00fcmk\u00fcnd\u00fcr.<\/p><h2 style=\"caret-color: #000000; color: #000000;\"><b>Erken Bo\u015falma Engellenebilir mi?<\/b><\/h2><p style=\"caret-color: #000000; color: #000000;\">Bu soruya kesin bir yan\u0131t vermek ne yaz\u0131k ki m\u00fcmk\u00fcn de\u011fil. Her\u00a0<b>hasta<\/b>\u00a0i\u00e7in cinsel\u00a0<b>fonksiyon bozukluklar\u0131<\/b>\u00a0i\u00e7in nedenler de seyir de ayn\u0131 olmayabilir. Cinsel ili\u015fki \u00f6ncesinde mast\u00fcrbasyon yap\u0131lmas\u0131,\u00a0<b>penis<\/b>\u00a0ba\u015f\u0131 duyarl\u0131l\u0131\u011f\u0131n\u0131n azalt\u0131lmas\u0131 ad\u0131na kal\u0131n dokulu prezervatif kullan\u0131lmas\u0131, ili\u015fki s\u0131ras\u0131nda farkl\u0131 bir pozisyonun denenmesi gibi ge\u00e7ici tedbirlerin denenmesi s\u00fcrd\u00fcr\u00fclebilir olmayacakt\u0131r. Erken bo\u015falman\u0131n da dahil oldu\u011fu cinsel i\u015flev bozukluklar\u0131n\u0131n farkl\u0131 sa\u011fl\u0131k sorunlar\u0131n\u0131n bir yans\u0131mas\u0131 olarak ortaya \u00e7\u0131kabilece\u011fi ger\u00e7e\u011fi g\u00f6z ard\u0131 edilmemeli, mutlaka\u00a0<b>tedavi<\/b>\u00a0se\u00e7eneklerine ba\u015fvurulmal\u0131d\u0131r.<\/p><h2 style=\"caret-color: #000000; color: #000000;\"><b>Erken Bo\u015falman\u0131n Tedavisi Nas\u0131l Yap\u0131l\u0131r?<\/b><\/h2><p style=\"caret-color: #000000; color: #000000;\">Premat\u00fcr ejak\u00fclasyon, nedenleri do\u011frultusunda tedavi edilebilen, tedavilerinde bo\u015falma s\u00fcresinin uzat\u0131lmas\u0131n\u0131n ve \u00e7iftlerin ili\u015fkilerinin yeniden canlanmas\u0131n\u0131n hedeflendi\u011fi bir cinsel i\u015flev bozuklu\u011fudur. Ki\u015fiye \u00f6zel planlanan\u00a0<b>erken bo\u015falma tedavisi<\/b>\u00a0s\u00fcre\u00e7leri dahilinde hem t\u0131bbi hem de psikolojik destek al\u0131nabilir. Bu anlamda erken bo\u015falma\u00a0<b>tedavi y\u00f6ntemleri\u00a0<\/b>\u00e7e\u015fitlilik arz eder.<\/p><p style=\"caret-color: #000000; color: #000000;\">\u0130zlem tedavisi,\u00a0<b>ila\u00e7<\/b>\u00a0tedavisi, egzersiz ve bo\u015falma al\u0131\u015fkanl\u0131k de\u011fi\u015fimi gibi y\u00f6ntemlerle erken bo\u015falma tedavisi uygulanabilir. G\u00fcn\u00fcm\u00fczde gerek h\u0131zl\u0131\u00a0<b>sonu\u00e7<\/b>\u00a0verebilmesi ve gerekse uzun s\u00fcreli kal\u0131c\u0131l\u0131k etkisi g\u00f6sterebilmesi\u00a0 ile erken bo\u015falma tedavisinde penis ba\u015f\u0131na dolgu uygulamas\u0131 \u00f6n plana \u00e7\u0131km\u0131\u015ft\u0131r.\u00a0<\/p><p style=\"caret-color: #000000; color: #000000;\">AndroKL\u0130N\u0130K b\u00fcnyesinde erken\u00a0<b>bo\u015falma<\/b>\u00a0tedavisi penis ba\u015f\u0131na dolgu uygulamas\u0131 ile ger\u00e7ekle\u015ftirilmektedir. Hastalar\u0131m\u0131z sinir yo\u011funlu\u011funun en y\u00fcksek oldu\u011fu penis ba\u015f\u0131 b\u00f6lgesine uygulanan dermal dolgular sayesinde 1 hafta k\u0131sa bir s\u00fcrede hissedebilirler ve yakla\u015f\u0131k 1 sene boyunca erken bo\u015falma probleminin yol a\u00e7t\u0131\u011f\u0131 sorunlardan uzak bir cinsellik ya\u015fayabilirler.\u00a0<\/p>\t\t\t\t\t\t\t\t<\/div>\n\t\t\t\t<\/div>\n\t\t\t\t<\/div>\n\t\t\t\t\t<\/div>\n\t\t\t\t<\/div>\n\t\t\t\t<\/div>\n\t\t","protected":false},"excerpt":{"rendered":"<p>Erken Bo\u015falma ve Tedavisi Erken Bo\u015falma Problemi Erken bo\u015falma\u00a0problemi ya\u015f\u0131yorsan\u0131z, yaln\u0131z de\u011filsiniz. D\u00fcnya genelindeki erkeklerde en s\u0131k g\u00f6r\u00fclen cinsel i\u015flev bozuklu\u011fu olma niteli\u011fi ta\u015f\u0131yan erken bo\u015falma yani \u201cpremat\u00fcr ejak\u00fclasyon\u201d bir\u00e7ok farkl\u0131 nedenle ortaya \u00e7\u0131kabiliyor. Kimi zaman strese maruz kal\u0131nmas\u0131 ile d\u00f6nemsel olarak kar\u015f\u0131la\u015f\u0131lan erken bo\u015falma, kimi zaman kronik hale gelen bir cinsel i\u015flev bozuklu\u011fu olarak [&hellip;]<\/p>\n","protected":false},"author":1,"featured_media":0,"parent":0,"menu_order":0,"comment_status":"closed","ping_status":"closed","template":"","meta":{"footnotes":""},"class_list":["post-1220","page","type-page","status-publish","hentry"],"_links":{"self":[{"href":"https:\/\/alperbasakci.com\/index.php\/wp-json\/wp\/v2\/pages\/1220","targetHints":{"allow":["GET"]}}],"collection":[{"href":"https:\/\/alperbasakci.com\/index.php\/wp-json\/wp\/v2\/pages"}],"about":[{"href":"https:\/\/alperbasakci.com\/index.php\/wp-json\/wp\/v2\/types\/page"}],"author":[{"embeddable":true,"href":"https:\/\/alperbasakci.com\/index.php\/wp-json\/wp\/v2\/users\/1"}],"replies":[{"embeddable":true,"href":"https:\/\/alperbasakci.com\/index.php\/wp-json\/wp\/v2\/comments?post=1220"}],"version-history":[{"count":8,"href":"https:\/\/alperbasakci.com\/index.php\/wp-json\/wp\/v2\/pages\/1220\/revisions"}],"predecessor-version":[{"id":1242,"href":"https:\/\/alperbasakci.com\/index.php\/wp-json\/wp\/v2\/pages\/1220\/revisions\/1242"}],"wp:attachment":[{"href":"https:\/\/alperbasakci.com\/index.php\/wp-json\/wp\/v2\/media?parent=1220"}],"curies":[{"name":"wp","href":"https:\/\/api.w.org\/{rel}","templated":true}]}}